{"id":2101,"date":"2022-10-19T08:38:12","date_gmt":"2022-10-19T12:38:12","guid":{"rendered":"https:\/\/campingdessommetsbromont.com\/region\/"},"modified":"2025-04-23T13:24:37","modified_gmt":"2025-04-23T17:24:37","slug":"region","status":"publish","type":"page","link":"https:\/\/campingdessommetsbromont.com\/en\/region\/","title":{"rendered":"Region"},"content":{"rendered":"<section class=\"l-section wpb_row height_custom\"><div class=\"l-section-h i-cf\"><div class=\"g-cols vc_row via_grid cols_1 laptops-cols_inherit tablets-cols_inherit mobiles-cols_1 valign_top type_default stacking_default\"><div class=\"wpb_column vc_column_container\"><div class=\"vc_column-inner\"><div class=\"wpb_text_column\"><div class=\"wpb_wrapper\"><h2>R\u00e9gion de Brome-Missisquoi<\/h2>\n<p>Notre camping est situ\u00e9 au c\u0153ur de la belle r\u00e9gion de Brome-Missisquoi. Celle-ci rec\u00e8le d\u2019une panoplie d\u2019activit\u00e9s de proximit\u00e9 qui sauront enrichir votre s\u00e9jour parmi nous. Voici quelques pistes de d\u00e9couvertes qui vous permettront de mieux planifier notre visite chez nous.<\/p>\n<\/div><\/div><\/div><\/div><\/div><\/div><\/section><section class=\"l-section wpb_row height_custom color_alternate\"><div class=\"l-section-h i-cf\"><div class=\"g-cols vc_row via_grid cols_1 laptops-cols_inherit tablets-cols_inherit mobiles-cols_1 valign_top type_default stacking_default\"><div class=\"wpb_column vc_column_container\"><div class=\"vc_column-inner\"><div class=\"wpb_text_column\"><div class=\"wpb_wrapper\"><h3>Le parc des Sommets<\/h3>\n<p>\u00c0 moins de 2 km du camping et accessible directement par la piste <em>La Villageoise<\/em>, le Parc des Sommets vous offre une multitude de fa\u00e7on de profiter des sentiers. C\u2019est 140 km de sentier \u00e0 d\u00e9couvrir \u00e0 pied, \u00e0 v\u00e9lo et m\u00eame \u00e0 cheval. Plusieurs randonn\u00e9es guid\u00e9es sont aussi offertes.<\/p>\n<\/div><\/div><div class=\"w-btn-wrapper align_none\"><a class=\"w-btn us-btn-style_21 icon_atleft\" target=\"_blank\" href=\"https:\/\/parcdessommets.com\"><i class=\"fas fa-arrow-right\"><\/i><span class=\"w-btn-label\">Learn More<\/span><\/a><\/div><\/div><\/div><\/div><\/div><\/section><section class=\"l-section wpb_row height_custom\"><div class=\"l-section-h i-cf\"><div class=\"g-cols vc_row via_grid cols_1 laptops-cols_inherit tablets-cols_inherit mobiles-cols_1 valign_top type_default stacking_default\"><div class=\"wpb_column vc_column_container\"><div class=\"vc_column-inner\"><div class=\"wpb_text_column\"><div class=\"wpb_wrapper\"><h3>Bromont, montagne d&#8217;exp\u00e9riences<\/h3>\n<p>C\u2019est l\u2019endroit par excellence pour se rafra\u00eechir dans l\u2019eau, mais aussi pour profiter des attraits de la montagne \u00e0 travers un tas d\u2019activit\u00e9s. Emportez votre maillot, mais n\u2019oubliez pas vos espadrilles!<\/p>\n<\/div><\/div><div class=\"w-hwrapper valign_top align_none\" style=\"--hwrapper-gap:3rem\"><div class=\"wpb_text_column\"><div class=\"wpb_wrapper\"><ul class=\"list\">\n<li>13 glissades et 4 bassins chauff\u00e9s<\/li>\n<li>V\u00e9lo de montagne avec remont\u00e9e m\u00e9canique<\/li>\n<li>Balade en t\u00e9l\u00e9cabine<\/li>\n<li>Mur d\u2019escalade<\/li>\n<li>Parc de slackline<\/li>\n<li>Trampo-bungee<\/li>\n<\/ul>\n<\/div><\/div><div class=\"wpb_text_column\"><div class=\"wpb_wrapper\"><ul class=\"list\">\n<li>Randonn\u00e9e en montagne<\/li>\n<li>Disc Golf<\/li>\n<li>Spectacle d\u2019oiseaux de proie<\/li>\n<li>Pique-nique panoramique<\/li>\n<li>Balan\u00e7oires<\/li>\n<\/ul>\n<\/div><\/div><\/div><div class=\"w-btn-wrapper align_none\"><a class=\"w-btn us-btn-style_21 icon_atleft\" target=\"_blank\" href=\"https:\/\/www.bromontmontagne.com\/decouvrir-la-montage\/\"><i class=\"fas fa-arrow-right\"><\/i><span class=\"w-btn-label\">Learn More<\/span><\/a><\/div><\/div><\/div><\/div><\/div><\/section><section class=\"l-section wpb_row height_custom color_alternate\"><div class=\"l-section-h i-cf\"><div class=\"g-cols vc_row via_grid cols_1 laptops-cols_inherit tablets-cols_inherit mobiles-cols_1 valign_top type_default stacking_default\"><div class=\"wpb_column vc_column_container\"><div class=\"vc_column-inner\"><div class=\"wpb_text_column\"><div class=\"wpb_wrapper\"><h3>Brome-Missisquoi \u00e0 v\u00e9lo<\/h3>\n<p>P\u00e9daler, observer, reposer vos mollets, faire une pause gourmande ou culturelle, c\u2019est ce que vous proposent les parcours de v\u00e9lo de Brome-Missisquoi. Que vous partiez en mode d\u00e9couverte ou en mode athl\u00e8te sur nos routes avec d\u00e9nivel\u00e9, l\u2019exp\u00e9rience est tout simplement m\u00e9morable. Consultez les diverses options.<\/p>\n<\/div><\/div><div class=\"w-btn-wrapper align_none\"><a class=\"w-btn us-btn-style_21 icon_atleft\" target=\"_blank\" href=\"https:\/\/tourismebrome-missisquoi.ca\/activite\/velo\/\"><i class=\"fas fa-arrow-right\"><\/i><span class=\"w-btn-label\">Learn More<\/span><\/a><\/div><\/div><\/div><\/div><\/div><\/section><section class=\"l-section wpb_row height_custom\"><div class=\"l-section-h i-cf\"><div class=\"g-cols vc_row via_grid cols_1 laptops-cols_inherit tablets-cols_inherit mobiles-cols_1 valign_top type_default stacking_default\"><div class=\"wpb_column vc_column_container\"><div class=\"vc_column-inner\"><div class=\"wpb_text_column\"><div class=\"wpb_wrapper\"><h3>Route des vins<\/h3>\n<p>La Route des vins de Brome-Missisquoi est une route touristique de la r\u00e9gion des Cantons de l&#8217;est au Qu\u00e9bec situ\u00e9e au sud de l&#8217;autoroute 10. Cette route, cr\u00e9\u00e9e en 2004, rassemble vingt-deux vignobles sur une distance de 140 kilom\u00e8tres. La route est aussi parsem\u00e9e de divers marchands locaux et restaurants ou bistros.<\/p>\n<\/div><\/div><div class=\"w-btn-wrapper align_none\"><a class=\"w-btn us-btn-style_21 icon_atleft\" target=\"_blank\" href=\"https:\/\/www.laroutedesvins.ca\"><i class=\"fas fa-arrow-right\"><\/i><span class=\"w-btn-label\">Learn More<\/span><\/a><\/div><\/div><\/div><\/div><\/div><\/section><section class=\"l-section wpb_row height_custom color_alternate\"><div class=\"l-section-h i-cf\"><div class=\"g-cols vc_row via_grid cols_1 laptops-cols_inherit tablets-cols_inherit mobiles-cols_1 valign_top type_default stacking_default\"><div class=\"wpb_column vc_column_container\"><div class=\"vc_column-inner\"><div class=\"wpb_text_column\"><div class=\"wpb_wrapper\"><h3>Zoo de Granby<\/h3>\n<p>Incontestablement l\u2019attrait touristique le plus populaire au Qu\u00e9bec et l\u2019un des plus importants parcs zoologiques au Canada. Un incontournable que l\u2019on visite et retourne d\u00e9couvrir \u00e0 nouveau.<\/p>\n<\/div><\/div><div class=\"w-btn-wrapper align_none\"><a class=\"w-btn us-btn-style_21 icon_atleft\" target=\"_blank\" href=\"https:\/\/zoodegranby.com\/fr\"><i class=\"fas fa-arrow-right\"><\/i><span class=\"w-btn-label\">Learn More<\/span><\/a><\/div><\/div><\/div><\/div><\/div><\/section><section class=\"l-section wpb_row height_custom\"><div class=\"l-section-h i-cf\"><div class=\"g-cols vc_row via_grid cols_1 laptops-cols_inherit tablets-cols_inherit mobiles-cols_1 valign_top type_default stacking_default\"><div class=\"wpb_column vc_column_container\"><div class=\"vc_column-inner\"><div class=\"wpb_text_column\"><div class=\"wpb_wrapper\"><h3>Parc aquatique Amazoo<\/h3>\n<p>Prolongez la d\u00e9couverte du zoo de Granby en faisant une saucette au populaire parc aquatique Amazoo.<\/p>\n<\/div><\/div><div class=\"w-btn-wrapper align_none\"><a class=\"w-btn us-btn-style_21 icon_atleft\" target=\"_blank\" href=\"https:\/\/zoodegranby.com\/fr\/le-zoo\/le-parc-aquatique\"><i class=\"fas fa-arrow-right\"><\/i><span class=\"w-btn-label\">Learn More<\/span><\/a><\/div><\/div><\/div><\/div><\/div><\/section><section class=\"l-section wpb_row height_custom color_alternate\"><div class=\"l-section-h i-cf\"><div class=\"g-cols vc_row via_grid cols_1 laptops-cols_inherit tablets-cols_inherit mobiles-cols_1 valign_top type_default stacking_default\"><div class=\"wpb_column vc_column_container\"><div class=\"vc_column-inner\"><div class=\"wpb_text_column\"><div class=\"wpb_wrapper\"><h3>Le vieux Bromont<\/h3>\n<p>Avec son cachet unique de son pass\u00e9 loyaliste, le Vieux Bromont est un lieu o\u00f9 les citoyens et les touristes aime aller. On y trouve des restos au cachet ind\u00e9niable, des boutiques et des brocantes. Directement du camping, suivez la belle <em>Villageoise <\/em>ou encore empruntez directement la rue Shefford jusqu\u2019au Village.<\/p>\n<\/div><\/div><\/div><\/div><\/div><\/div><\/section><section class=\"l-section wpb_row height_custom\"><div class=\"l-section-h i-cf\"><div class=\"g-cols vc_row via_grid cols_1 laptops-cols_inherit tablets-cols_inherit mobiles-cols_1 valign_top type_default stacking_default\"><div class=\"wpb_column vc_column_container\"><div class=\"vc_column-inner\"><div class=\"wpb_text_column\"><div class=\"wpb_wrapper\"><h3>Liens utiles<\/h3>\n<p>Consultez la brochette d\u2019activit\u00e9s culturelles, sportives, agro touristiques, culinaires et plus encore via le site de\u2026<\/p>\n<ul class=\"list\">\n<li><a href=\"https:\/\/tourismebromont.com\" target=\"_blank\" rel=\"noopener\">Tourisme Bromont<\/a><\/li>\n<li><a href=\"https:\/\/tourismebrome-missisquoi.ca\" target=\"_blank\" rel=\"noopener\">Tourisme Brome-Missisquoi<\/a><\/li>\n<li><a href=\"https:\/\/www.cantonsdelest.com\" target=\"_blank\" rel=\"noopener\">Tourisme Cantons-de-L&#8217;Est<\/a><\/li>\n<\/ul>\n<\/div><\/div><\/div><\/div><\/div><\/div><\/section>\n","protected":false},"excerpt":{"rendered":"R\u00e9gion de Brome-Missisquoi Notre camping est situ\u00e9 au c\u0153ur de la belle r\u00e9gion de Brome-Missisquoi. Celle-ci rec\u00e8le d\u2019une panoplie d\u2019activit\u00e9s de proximit\u00e9 qui sauront enrichir votre s\u00e9jour parmi nous. Voici quelques pistes de d\u00e9couvertes qui vous permettront de mieux planifier notre visite chez nous. Le parc des Sommets \u00c0 moins de 2 km du camping...","protected":false},"author":1,"featured_media":2058,"parent":0,"menu_order":0,"comment_status":"closed","ping_status":"closed","template":"","meta":{"footnotes":""},"class_list":["post-2101","page","type-page","status-publish","has-post-thumbnail","hentry"],"yoast_head":"<!-- This site is optimized with the Yoast SEO plugin v27.3 - https:\/\/yoast.com\/product\/yoast-seo-wordpress\/ -->\n<title>Region - Camping des Sommets Bromont<\/title>\n<meta name=\"description\" content=\"Terrains de camping pour voyageurs, saisonniers et cabines pr\u00eat-\u00e0-camper. Situ\u00e9 \u00e0 Bromont, l&#039;ndroit id\u00e9al pour profiter des activit\u00e9s ax\u00e9es sur le plein air.\" \/>\n<meta name=\"robots\" content=\"index, follow, max-snippet:-1, max-image-preview:large, max-video-preview:-1\" \/>\n<link rel=\"canonical\" href=\"https:\/\/campingdessommetsbromont.com\/en\/region\/\" \/>\n<meta property=\"og:locale\" content=\"en_US\" \/>\n<meta property=\"og:type\" content=\"article\" \/>\n<meta property=\"og:title\" content=\"Region - Camping des Sommets Bromont\" \/>\n<meta property=\"og:description\" content=\"Terrains de camping pour voyageurs, saisonniers et cabines pr\u00eat-\u00e0-camper. Situ\u00e9 \u00e0 Bromont, l&#039;ndroit id\u00e9al pour profiter des activit\u00e9s ax\u00e9es sur le plein air.\" \/>\n<meta property=\"og:url\" content=\"https:\/\/campingdessommetsbromont.com\/en\/region\/\" \/>\n<meta property=\"og:site_name\" content=\"Camping des Sommets Bromont\" \/>\n<meta property=\"article:publisher\" content=\"https:\/\/www.facebook.com\/CampingSommetsBromont\" \/>\n<meta property=\"article:modified_time\" content=\"2025-04-23T17:24:37+00:00\" \/>\n<meta property=\"og:image\" content=\"https:\/\/campingdessommetsbromont.com\/wp-content\/uploads\/bandeau-region-scaled.jpg\" \/>\n\t<meta property=\"og:image:width\" content=\"1920\" \/>\n\t<meta property=\"og:image:height\" content=\"450\" \/>\n\t<meta property=\"og:image:type\" content=\"image\/jpeg\" \/>\n<meta name=\"twitter:card\" content=\"summary_large_image\" \/>\n<meta name=\"twitter:label1\" content=\"Est. reading time\" \/>\n\t<meta name=\"twitter:data1\" content=\"4 minutes\" \/>\n<script type=\"application\/ld+json\" class=\"yoast-schema-graph\">{\"@context\":\"https:\\\/\\\/schema.org\",\"@graph\":[{\"@type\":\"WebPage\",\"@id\":\"https:\\\/\\\/campingdessommetsbromont.com\\\/en\\\/region\\\/\",\"url\":\"https:\\\/\\\/campingdessommetsbromont.com\\\/en\\\/region\\\/\",\"name\":\"Region - Camping des Sommets Bromont\",\"isPartOf\":{\"@id\":\"https:\\\/\\\/campingdessommetsbromont.com\\\/en\\\/#website\"},\"primaryImageOfPage\":{\"@id\":\"https:\\\/\\\/campingdessommetsbromont.com\\\/en\\\/region\\\/#primaryimage\"},\"image\":{\"@id\":\"https:\\\/\\\/campingdessommetsbromont.com\\\/en\\\/region\\\/#primaryimage\"},\"thumbnailUrl\":\"https:\\\/\\\/campingdessommetsbromont.com\\\/wp-content\\\/uploads\\\/bandeau-region-scaled.jpg\",\"datePublished\":\"2022-10-19T12:38:12+00:00\",\"dateModified\":\"2025-04-23T17:24:37+00:00\",\"description\":\"Terrains de camping pour voyageurs, saisonniers et cabines pr\u00eat-\u00e0-camper. Situ\u00e9 \u00e0 Bromont, l'ndroit id\u00e9al pour profiter des activit\u00e9s ax\u00e9es sur le plein air.\",\"breadcrumb\":{\"@id\":\"https:\\\/\\\/campingdessommetsbromont.com\\\/en\\\/region\\\/#breadcrumb\"},\"inLanguage\":\"en-CA\",\"potentialAction\":[{\"@type\":\"ReadAction\",\"target\":[\"https:\\\/\\\/campingdessommetsbromont.com\\\/en\\\/region\\\/\"]}]},{\"@type\":\"ImageObject\",\"inLanguage\":\"en-CA\",\"@id\":\"https:\\\/\\\/campingdessommetsbromont.com\\\/en\\\/region\\\/#primaryimage\",\"url\":\"https:\\\/\\\/campingdessommetsbromont.com\\\/wp-content\\\/uploads\\\/bandeau-region-scaled.jpg\",\"contentUrl\":\"https:\\\/\\\/campingdessommetsbromont.com\\\/wp-content\\\/uploads\\\/bandeau-region-scaled.jpg\",\"width\":1920,\"height\":450},{\"@type\":\"BreadcrumbList\",\"@id\":\"https:\\\/\\\/campingdessommetsbromont.com\\\/en\\\/region\\\/#breadcrumb\",\"itemListElement\":[{\"@type\":\"ListItem\",\"position\":1,\"name\":\"Accueil\",\"item\":\"https:\\\/\\\/campingdessommetsbromont.com\\\/en\\\/home\\\/\"},{\"@type\":\"ListItem\",\"position\":2,\"name\":\"Region\"}]},{\"@type\":\"WebSite\",\"@id\":\"https:\\\/\\\/campingdessommetsbromont.com\\\/en\\\/#website\",\"url\":\"https:\\\/\\\/campingdessommetsbromont.com\\\/en\\\/\",\"name\":\"Camping des Sommets Bromont\",\"description\":\"Camping situ\u00e9 \u00e0 Bromont dans les Cantons-de-l&#039;Est\",\"publisher\":{\"@id\":\"https:\\\/\\\/campingdessommetsbromont.com\\\/en\\\/#organization\"},\"potentialAction\":[{\"@type\":\"SearchAction\",\"target\":{\"@type\":\"EntryPoint\",\"urlTemplate\":\"https:\\\/\\\/campingdessommetsbromont.com\\\/en\\\/?s={search_term_string}\"},\"query-input\":{\"@type\":\"PropertyValueSpecification\",\"valueRequired\":true,\"valueName\":\"search_term_string\"}}],\"inLanguage\":\"en-CA\"},{\"@type\":\"Organization\",\"@id\":\"https:\\\/\\\/campingdessommetsbromont.com\\\/en\\\/#organization\",\"name\":\"Camping des Sommets Bromont\",\"url\":\"https:\\\/\\\/campingdessommetsbromont.com\\\/en\\\/\",\"logo\":{\"@type\":\"ImageObject\",\"inLanguage\":\"en-CA\",\"@id\":\"https:\\\/\\\/campingdessommetsbromont.com\\\/en\\\/#\\\/schema\\\/logo\\\/image\\\/\",\"url\":\"https:\\\/\\\/campingdessommetsbromont.com\\\/wp-content\\\/uploads\\\/Logo_CampingDesSommets_rect.svg\",\"contentUrl\":\"https:\\\/\\\/campingdessommetsbromont.com\\\/wp-content\\\/uploads\\\/Logo_CampingDesSommets_rect.svg\",\"width\":351,\"height\":136,\"caption\":\"Camping des Sommets Bromont\"},\"image\":{\"@id\":\"https:\\\/\\\/campingdessommetsbromont.com\\\/en\\\/#\\\/schema\\\/logo\\\/image\\\/\"},\"sameAs\":[\"https:\\\/\\\/www.facebook.com\\\/CampingSommetsBromont\"]}]}<\/script>\n<!-- \/ Yoast SEO plugin. -->","yoast_head_json":{"title":"Region - Camping des Sommets Bromont","description":"Terrains de camping pour voyageurs, saisonniers et cabines pr\u00eat-\u00e0-camper. Situ\u00e9 \u00e0 Bromont, l'ndroit id\u00e9al pour profiter des activit\u00e9s ax\u00e9es sur le plein air.","robots":{"index":"index","follow":"follow","max-snippet":"max-snippet:-1","max-image-preview":"max-image-preview:large","max-video-preview":"max-video-preview:-1"},"canonical":"https:\/\/campingdessommetsbromont.com\/en\/region\/","og_locale":"en_US","og_type":"article","og_title":"Region - Camping des Sommets Bromont","og_description":"Terrains de camping pour voyageurs, saisonniers et cabines pr\u00eat-\u00e0-camper. Situ\u00e9 \u00e0 Bromont, l'ndroit id\u00e9al pour profiter des activit\u00e9s ax\u00e9es sur le plein air.","og_url":"https:\/\/campingdessommetsbromont.com\/en\/region\/","og_site_name":"Camping des Sommets Bromont","article_publisher":"https:\/\/www.facebook.com\/CampingSommetsBromont","article_modified_time":"2025-04-23T17:24:37+00:00","og_image":[{"width":1920,"height":450,"url":"https:\/\/campingdessommetsbromont.com\/wp-content\/uploads\/bandeau-region-scaled.jpg","type":"image\/jpeg"}],"twitter_card":"summary_large_image","twitter_misc":{"Est. reading time":"4 minutes"},"schema":{"@context":"https:\/\/schema.org","@graph":[{"@type":"WebPage","@id":"https:\/\/campingdessommetsbromont.com\/en\/region\/","url":"https:\/\/campingdessommetsbromont.com\/en\/region\/","name":"Region - Camping des Sommets Bromont","isPartOf":{"@id":"https:\/\/campingdessommetsbromont.com\/en\/#website"},"primaryImageOfPage":{"@id":"https:\/\/campingdessommetsbromont.com\/en\/region\/#primaryimage"},"image":{"@id":"https:\/\/campingdessommetsbromont.com\/en\/region\/#primaryimage"},"thumbnailUrl":"https:\/\/campingdessommetsbromont.com\/wp-content\/uploads\/bandeau-region-scaled.jpg","datePublished":"2022-10-19T12:38:12+00:00","dateModified":"2025-04-23T17:24:37+00:00","description":"Terrains de camping pour voyageurs, saisonniers et cabines pr\u00eat-\u00e0-camper. Situ\u00e9 \u00e0 Bromont, l'ndroit id\u00e9al pour profiter des activit\u00e9s ax\u00e9es sur le plein air.","breadcrumb":{"@id":"https:\/\/campingdessommetsbromont.com\/en\/region\/#breadcrumb"},"inLanguage":"en-CA","potentialAction":[{"@type":"ReadAction","target":["https:\/\/campingdessommetsbromont.com\/en\/region\/"]}]},{"@type":"ImageObject","inLanguage":"en-CA","@id":"https:\/\/campingdessommetsbromont.com\/en\/region\/#primaryimage","url":"https:\/\/campingdessommetsbromont.com\/wp-content\/uploads\/bandeau-region-scaled.jpg","contentUrl":"https:\/\/campingdessommetsbromont.com\/wp-content\/uploads\/bandeau-region-scaled.jpg","width":1920,"height":450},{"@type":"BreadcrumbList","@id":"https:\/\/campingdessommetsbromont.com\/en\/region\/#breadcrumb","itemListElement":[{"@type":"ListItem","position":1,"name":"Accueil","item":"https:\/\/campingdessommetsbromont.com\/en\/home\/"},{"@type":"ListItem","position":2,"name":"Region"}]},{"@type":"WebSite","@id":"https:\/\/campingdessommetsbromont.com\/en\/#website","url":"https:\/\/campingdessommetsbromont.com\/en\/","name":"Camping des Sommets Bromont","description":"Camping situ\u00e9 \u00e0 Bromont dans les Cantons-de-l&#039;Est","publisher":{"@id":"https:\/\/campingdessommetsbromont.com\/en\/#organization"},"potentialAction":[{"@type":"SearchAction","target":{"@type":"EntryPoint","urlTemplate":"https:\/\/campingdessommetsbromont.com\/en\/?s={search_term_string}"},"query-input":{"@type":"PropertyValueSpecification","valueRequired":true,"valueName":"search_term_string"}}],"inLanguage":"en-CA"},{"@type":"Organization","@id":"https:\/\/campingdessommetsbromont.com\/en\/#organization","name":"Camping des Sommets Bromont","url":"https:\/\/campingdessommetsbromont.com\/en\/","logo":{"@type":"ImageObject","inLanguage":"en-CA","@id":"https:\/\/campingdessommetsbromont.com\/en\/#\/schema\/logo\/image\/","url":"https:\/\/campingdessommetsbromont.com\/wp-content\/uploads\/Logo_CampingDesSommets_rect.svg","contentUrl":"https:\/\/campingdessommetsbromont.com\/wp-content\/uploads\/Logo_CampingDesSommets_rect.svg","width":351,"height":136,"caption":"Camping des Sommets Bromont"},"image":{"@id":"https:\/\/campingdessommetsbromont.com\/en\/#\/schema\/logo\/image\/"},"sameAs":["https:\/\/www.facebook.com\/CampingSommetsBromont"]}]}},"_links":{"self":[{"href":"https:\/\/campingdessommetsbromont.com\/en\/wp-json\/wp\/v2\/pages\/2101","targetHints":{"allow":["GET"]}}],"collection":[{"href":"https:\/\/campingdessommetsbromont.com\/en\/wp-json\/wp\/v2\/pages"}],"about":[{"href":"https:\/\/campingdessommetsbromont.com\/en\/wp-json\/wp\/v2\/types\/page"}],"author":[{"embeddable":true,"href":"https:\/\/campingdessommetsbromont.com\/en\/wp-json\/wp\/v2\/users\/1"}],"replies":[{"embeddable":true,"href":"https:\/\/campingdessommetsbromont.com\/en\/wp-json\/wp\/v2\/comments?post=2101"}],"version-history":[{"count":0,"href":"https:\/\/campingdessommetsbromont.com\/en\/wp-json\/wp\/v2\/pages\/2101\/revisions"}],"wp:featuredmedia":[{"embeddable":true,"href":"https:\/\/campingdessommetsbromont.com\/en\/wp-json\/wp\/v2\/media\/2058"}],"wp:attachment":[{"href":"https:\/\/campingdessommetsbromont.com\/en\/wp-json\/wp\/v2\/media?parent=2101"}],"curies":[{"name":"wp","href":"https:\/\/api.w.org\/{rel}","templated":true}]}}