{"id":2111,"date":"2022-10-12T12:26:35","date_gmt":"2022-10-12T16:26:35","guid":{"rendered":"https:\/\/campingdessommetsbromont.com\/camping-seasonnal-sites\/"},"modified":"2025-11-18T16:01:00","modified_gmt":"2025-11-18T21:01:00","slug":"camping-seasonnal-sites","status":"publish","type":"page","link":"https:\/\/campingdessommetsbromont.com\/en\/camping-seasonnal-sites\/","title":{"rendered":"Camping seasonnal sites"},"content":{"rendered":"<section class=\"l-section wpb_row us_custom_eb849559 height_custom\"><div class=\"l-section-h i-cf\"><div class=\"g-cols vc_row via_grid cols_1 laptops-cols_inherit tablets-cols_inherit mobiles-cols_1 valign_top type_default stacking_default\"><div class=\"wpb_column vc_column_container\"><div class=\"vc_column-inner\"><div class=\"w-btn-wrapper align_center\"><a class=\"w-btn us-btn-style_1 icon_atleft\" target=\"_blank\" rel=\"nofollow\" href=\"https:\/\/campingdessommetsbromont.com\/wp-content\/uploads\/camping-des-sommets-reglements-saisonniers-2026.pdf\"><i class=\"fas fa-file-alt\"><\/i><span class=\"w-btn-label\">Seasonnal sites rules<\/span><\/a><\/div><\/div><\/div><\/div><\/div><\/section><section class=\"l-section wpb_row height_custom color_alternate\"><div class=\"l-section-h i-cf\"><div class=\"g-cols vc_row via_grid cols_2 laptops-cols_inherit tablets-cols_inherit mobiles-cols_1 valign_top type_default stacking_default\"><div class=\"wpb_column vc_column_container\"><div class=\"vc_column-inner\"><div class=\"w-image align_center\"><a ref=\"magnificPopup\" href=\"https:\/\/campingdessommetsbromont.com\/wp-content\/uploads\/plan-site-camping-des-sommets-bromont.jpg\" aria-label=\"plan-site-camping-des-sommets-bromont\" class=\"w-image-h\"><img decoding=\"async\" width=\"1176\" height=\"909\" src=\"https:\/\/campingdessommetsbromont.com\/wp-content\/uploads\/plan-site-camping-des-sommets-bromont.jpg\" class=\"attachment-full size-full\" alt=\"\" loading=\"lazy\" \/><\/a><\/div><\/div><\/div><div class=\"wpb_column vc_column_container us_custom_e28183d5\"><div class=\"vc_column-inner\"><div class=\"wpb_text_column\"><div class=\"wpb_wrapper\"><h2>Seasonnal sites available for the season<\/h2>\n<\/div><\/div><div class=\"wpb_text_column\"><div class=\"wpb_wrapper\"><h3>30 amp. sites<\/h3>\n<p>H37 &#8211; H39 &#8211; H41 &#8211; F04<\/p>\n<\/div><\/div><div class=\"wpb_text_column\"><div class=\"wpb_wrapper\"><h3>50 amp. sites<\/h3>\n<p>N07 &#8211; N13 &#8211; N15 &#8211; N17<\/p>\n<\/div><\/div><\/div><\/div><\/div><\/div><\/section><section class=\"l-section wpb_row height_custom\"><div class=\"l-section-h i-cf\"><div class=\"g-cols vc_row via_grid cols_1 laptops-cols_inherit tablets-cols_inherit mobiles-cols_1 valign_top type_default stacking_default\"><div class=\"wpb_column vc_column_container\"><div class=\"vc_column-inner\"><section class=\"l-section wpb_row height_custom\"><div class=\"l-section-h i-cf\"><div class=\"g-cols vc_row via_grid cols_1 laptops-cols_inherit tablets-cols_inherit mobiles-cols_1 valign_top type_default stacking_default\"><div class=\"wpb_column vc_column_container us_custom_eb849559\"><div class=\"vc_column-inner\"><div class=\"wpb_text_column\"><div class=\"wpb_wrapper\"><h2>Seasonal rates<\/h2>\n<h3>April 15 to October 15<\/h3>\n<table class=\"table-medium\">\n<tbody>\n<tr>\n<td>30 amp<\/td>\n<td>$3400<\/td>\n<\/tr>\n<tr>\n<td>50 amp<\/td>\n<td>$3700<\/td>\n<\/tr>\n<tr>\n<td>30 amp deluxe<\/td>\n<td>$3900<\/td>\n<\/tr>\n<tr>\n<td>50 amp deluxe<\/td>\n<td>$4200<\/td>\n<\/tr>\n<tr>\n<td>Winter storage &#8211; October 15 to April 15<\/td>\n<td>$50\/month<\/td>\n<\/tr>\n<\/tbody>\n<\/table>\n<p>+ applicable taxes.<br \/>\nThe storage rate is not applicable for seasonal campers.<\/p>\n<\/div><\/div><\/div><\/div><\/div><\/div><\/section><section class=\"l-section wpb_row height_custom color_alternate\"><div class=\"l-section-h i-cf\"><div class=\"g-cols vc_row via_grid cols_1 laptops-cols_inherit tablets-cols_inherit mobiles-cols_1 valign_top type_default stacking_default\"><div class=\"wpb_column vc_column_container us_custom_eb849559\"><div class=\"vc_column-inner\"><div class=\"wpb_text_column\"><div class=\"wpb_wrapper\"><h2>Low season seasonal rates<\/h2>\n<h3>April 15 to June 8 or September 8 to October 15<\/h3>\n<table class=\"table-medium\">\n<tbody>\n<tr>\n<td>Full duration<\/td>\n<td>$900<\/td>\n<\/tr>\n<tr>\n<td>Per week<\/td>\n<td>$150<\/td>\n<\/tr>\n<tr>\n<td>During a holiday<\/td>\n<td>+$60<\/td>\n<\/tr>\n<\/tbody>\n<\/table>\n<p>+ applicable taxes.<\/p>\n<\/div><\/div><\/div><\/div><\/div><\/div><\/section>\n<\/div><\/div><\/div><\/div><\/section>\n","protected":false},"excerpt":{"rendered":"Seasonnal sites rulesSeasonnal sites available for the season 30 amp. sites H37 &#8211; H39 &#8211; H41 &#8211; F04 50 amp. sites N07 &#8211; N13 &#8211; N15 &#8211; N17 Seasonal rates April 15 to October 15 30 amp $3400 50 amp $3700 30 amp deluxe $3900 50 amp deluxe $4200 Winter storage &#8211; October 15 to...","protected":false},"author":1,"featured_media":2062,"parent":0,"menu_order":0,"comment_status":"closed","ping_status":"closed","template":"","meta":{"footnotes":""},"class_list":["post-2111","page","type-page","status-publish","has-post-thumbnail","hentry"],"yoast_head":"<!-- This site is optimized with the Yoast SEO plugin v27.3 - https:\/\/yoast.com\/product\/yoast-seo-wordpress\/ -->\n<title>Camping seasonnal sites - Camping des Sommets Bromont<\/title>\n<meta name=\"description\" content=\"Terrains de camping pour voyageurs, saisonniers et cabines pr\u00eat-\u00e0-camper. Situ\u00e9 \u00e0 Bromont, l&#039;ndroit id\u00e9al pour profiter des activit\u00e9s ax\u00e9es sur le plein air.\" \/>\n<meta name=\"robots\" content=\"index, follow, max-snippet:-1, max-image-preview:large, max-video-preview:-1\" \/>\n<link rel=\"canonical\" href=\"https:\/\/campingdessommetsbromont.com\/en\/camping-seasonnal-sites\/\" \/>\n<meta property=\"og:locale\" content=\"en_US\" \/>\n<meta property=\"og:type\" content=\"article\" \/>\n<meta property=\"og:title\" content=\"Camping seasonnal sites - Camping des Sommets Bromont\" \/>\n<meta property=\"og:description\" content=\"Terrains de camping pour voyageurs, saisonniers et cabines pr\u00eat-\u00e0-camper. Situ\u00e9 \u00e0 Bromont, l&#039;ndroit id\u00e9al pour profiter des activit\u00e9s ax\u00e9es sur le plein air.\" \/>\n<meta property=\"og:url\" content=\"https:\/\/campingdessommetsbromont.com\/en\/camping-seasonnal-sites\/\" \/>\n<meta property=\"og:site_name\" content=\"Camping des Sommets Bromont\" \/>\n<meta property=\"article:publisher\" content=\"https:\/\/www.facebook.com\/CampingSommetsBromont\" \/>\n<meta property=\"article:modified_time\" content=\"2025-11-18T21:01:00+00:00\" \/>\n<meta property=\"og:image\" content=\"https:\/\/campingdessommetsbromont.com\/wp-content\/uploads\/bandeau-lac.jpg\" \/>\n\t<meta property=\"og:image:width\" content=\"1920\" \/>\n\t<meta property=\"og:image:height\" content=\"450\" \/>\n\t<meta property=\"og:image:type\" content=\"image\/jpeg\" \/>\n<meta name=\"twitter:card\" content=\"summary_large_image\" \/>\n<meta name=\"twitter:label1\" content=\"Est. reading time\" \/>\n\t<meta name=\"twitter:data1\" content=\"1 minute\" \/>\n<script type=\"application\/ld+json\" class=\"yoast-schema-graph\">{\"@context\":\"https:\\\/\\\/schema.org\",\"@graph\":[{\"@type\":\"WebPage\",\"@id\":\"https:\\\/\\\/campingdessommetsbromont.com\\\/en\\\/camping-seasonnal-sites\\\/\",\"url\":\"https:\\\/\\\/campingdessommetsbromont.com\\\/en\\\/camping-seasonnal-sites\\\/\",\"name\":\"Camping seasonnal sites - Camping des Sommets Bromont\",\"isPartOf\":{\"@id\":\"https:\\\/\\\/campingdessommetsbromont.com\\\/en\\\/#website\"},\"primaryImageOfPage\":{\"@id\":\"https:\\\/\\\/campingdessommetsbromont.com\\\/en\\\/camping-seasonnal-sites\\\/#primaryimage\"},\"image\":{\"@id\":\"https:\\\/\\\/campingdessommetsbromont.com\\\/en\\\/camping-seasonnal-sites\\\/#primaryimage\"},\"thumbnailUrl\":\"https:\\\/\\\/campingdessommetsbromont.com\\\/wp-content\\\/uploads\\\/bandeau-lac.jpg\",\"datePublished\":\"2022-10-12T16:26:35+00:00\",\"dateModified\":\"2025-11-18T21:01:00+00:00\",\"description\":\"Terrains de camping pour voyageurs, saisonniers et cabines pr\u00eat-\u00e0-camper. Situ\u00e9 \u00e0 Bromont, l'ndroit id\u00e9al pour profiter des activit\u00e9s ax\u00e9es sur le plein air.\",\"breadcrumb\":{\"@id\":\"https:\\\/\\\/campingdessommetsbromont.com\\\/en\\\/camping-seasonnal-sites\\\/#breadcrumb\"},\"inLanguage\":\"en-CA\",\"potentialAction\":[{\"@type\":\"ReadAction\",\"target\":[\"https:\\\/\\\/campingdessommetsbromont.com\\\/en\\\/camping-seasonnal-sites\\\/\"]}]},{\"@type\":\"ImageObject\",\"inLanguage\":\"en-CA\",\"@id\":\"https:\\\/\\\/campingdessommetsbromont.com\\\/en\\\/camping-seasonnal-sites\\\/#primaryimage\",\"url\":\"https:\\\/\\\/campingdessommetsbromont.com\\\/wp-content\\\/uploads\\\/bandeau-lac.jpg\",\"contentUrl\":\"https:\\\/\\\/campingdessommetsbromont.com\\\/wp-content\\\/uploads\\\/bandeau-lac.jpg\",\"width\":1920,\"height\":450},{\"@type\":\"BreadcrumbList\",\"@id\":\"https:\\\/\\\/campingdessommetsbromont.com\\\/en\\\/camping-seasonnal-sites\\\/#breadcrumb\",\"itemListElement\":[{\"@type\":\"ListItem\",\"position\":1,\"name\":\"Accueil\",\"item\":\"https:\\\/\\\/campingdessommetsbromont.com\\\/en\\\/home\\\/\"},{\"@type\":\"ListItem\",\"position\":2,\"name\":\"Camping seasonnal sites\"}]},{\"@type\":\"WebSite\",\"@id\":\"https:\\\/\\\/campingdessommetsbromont.com\\\/en\\\/#website\",\"url\":\"https:\\\/\\\/campingdessommetsbromont.com\\\/en\\\/\",\"name\":\"Camping des Sommets Bromont\",\"description\":\"Camping situ\u00e9 \u00e0 Bromont dans les Cantons-de-l&#039;Est\",\"publisher\":{\"@id\":\"https:\\\/\\\/campingdessommetsbromont.com\\\/en\\\/#organization\"},\"potentialAction\":[{\"@type\":\"SearchAction\",\"target\":{\"@type\":\"EntryPoint\",\"urlTemplate\":\"https:\\\/\\\/campingdessommetsbromont.com\\\/en\\\/?s={search_term_string}\"},\"query-input\":{\"@type\":\"PropertyValueSpecification\",\"valueRequired\":true,\"valueName\":\"search_term_string\"}}],\"inLanguage\":\"en-CA\"},{\"@type\":\"Organization\",\"@id\":\"https:\\\/\\\/campingdessommetsbromont.com\\\/en\\\/#organization\",\"name\":\"Camping des Sommets Bromont\",\"url\":\"https:\\\/\\\/campingdessommetsbromont.com\\\/en\\\/\",\"logo\":{\"@type\":\"ImageObject\",\"inLanguage\":\"en-CA\",\"@id\":\"https:\\\/\\\/campingdessommetsbromont.com\\\/en\\\/#\\\/schema\\\/logo\\\/image\\\/\",\"url\":\"https:\\\/\\\/campingdessommetsbromont.com\\\/wp-content\\\/uploads\\\/Logo_CampingDesSommets_rect.svg\",\"contentUrl\":\"https:\\\/\\\/campingdessommetsbromont.com\\\/wp-content\\\/uploads\\\/Logo_CampingDesSommets_rect.svg\",\"width\":351,\"height\":136,\"caption\":\"Camping des Sommets Bromont\"},\"image\":{\"@id\":\"https:\\\/\\\/campingdessommetsbromont.com\\\/en\\\/#\\\/schema\\\/logo\\\/image\\\/\"},\"sameAs\":[\"https:\\\/\\\/www.facebook.com\\\/CampingSommetsBromont\"]}]}<\/script>\n<!-- \/ Yoast SEO plugin. -->","yoast_head_json":{"title":"Camping seasonnal sites - Camping des Sommets Bromont","description":"Terrains de camping pour voyageurs, saisonniers et cabines pr\u00eat-\u00e0-camper. Situ\u00e9 \u00e0 Bromont, l'ndroit id\u00e9al pour profiter des activit\u00e9s ax\u00e9es sur le plein air.","robots":{"index":"index","follow":"follow","max-snippet":"max-snippet:-1","max-image-preview":"max-image-preview:large","max-video-preview":"max-video-preview:-1"},"canonical":"https:\/\/campingdessommetsbromont.com\/en\/camping-seasonnal-sites\/","og_locale":"en_US","og_type":"article","og_title":"Camping seasonnal sites - Camping des Sommets Bromont","og_description":"Terrains de camping pour voyageurs, saisonniers et cabines pr\u00eat-\u00e0-camper. Situ\u00e9 \u00e0 Bromont, l'ndroit id\u00e9al pour profiter des activit\u00e9s ax\u00e9es sur le plein air.","og_url":"https:\/\/campingdessommetsbromont.com\/en\/camping-seasonnal-sites\/","og_site_name":"Camping des Sommets Bromont","article_publisher":"https:\/\/www.facebook.com\/CampingSommetsBromont","article_modified_time":"2025-11-18T21:01:00+00:00","og_image":[{"width":1920,"height":450,"url":"https:\/\/campingdessommetsbromont.com\/wp-content\/uploads\/bandeau-lac.jpg","type":"image\/jpeg"}],"twitter_card":"summary_large_image","twitter_misc":{"Est. reading time":"1 minute"},"schema":{"@context":"https:\/\/schema.org","@graph":[{"@type":"WebPage","@id":"https:\/\/campingdessommetsbromont.com\/en\/camping-seasonnal-sites\/","url":"https:\/\/campingdessommetsbromont.com\/en\/camping-seasonnal-sites\/","name":"Camping seasonnal sites - Camping des Sommets Bromont","isPartOf":{"@id":"https:\/\/campingdessommetsbromont.com\/en\/#website"},"primaryImageOfPage":{"@id":"https:\/\/campingdessommetsbromont.com\/en\/camping-seasonnal-sites\/#primaryimage"},"image":{"@id":"https:\/\/campingdessommetsbromont.com\/en\/camping-seasonnal-sites\/#primaryimage"},"thumbnailUrl":"https:\/\/campingdessommetsbromont.com\/wp-content\/uploads\/bandeau-lac.jpg","datePublished":"2022-10-12T16:26:35+00:00","dateModified":"2025-11-18T21:01:00+00:00","description":"Terrains de camping pour voyageurs, saisonniers et cabines pr\u00eat-\u00e0-camper. Situ\u00e9 \u00e0 Bromont, l'ndroit id\u00e9al pour profiter des activit\u00e9s ax\u00e9es sur le plein air.","breadcrumb":{"@id":"https:\/\/campingdessommetsbromont.com\/en\/camping-seasonnal-sites\/#breadcrumb"},"inLanguage":"en-CA","potentialAction":[{"@type":"ReadAction","target":["https:\/\/campingdessommetsbromont.com\/en\/camping-seasonnal-sites\/"]}]},{"@type":"ImageObject","inLanguage":"en-CA","@id":"https:\/\/campingdessommetsbromont.com\/en\/camping-seasonnal-sites\/#primaryimage","url":"https:\/\/campingdessommetsbromont.com\/wp-content\/uploads\/bandeau-lac.jpg","contentUrl":"https:\/\/campingdessommetsbromont.com\/wp-content\/uploads\/bandeau-lac.jpg","width":1920,"height":450},{"@type":"BreadcrumbList","@id":"https:\/\/campingdessommetsbromont.com\/en\/camping-seasonnal-sites\/#breadcrumb","itemListElement":[{"@type":"ListItem","position":1,"name":"Accueil","item":"https:\/\/campingdessommetsbromont.com\/en\/home\/"},{"@type":"ListItem","position":2,"name":"Camping seasonnal sites"}]},{"@type":"WebSite","@id":"https:\/\/campingdessommetsbromont.com\/en\/#website","url":"https:\/\/campingdessommetsbromont.com\/en\/","name":"Camping des Sommets Bromont","description":"Camping situ\u00e9 \u00e0 Bromont dans les Cantons-de-l&#039;Est","publisher":{"@id":"https:\/\/campingdessommetsbromont.com\/en\/#organization"},"potentialAction":[{"@type":"SearchAction","target":{"@type":"EntryPoint","urlTemplate":"https:\/\/campingdessommetsbromont.com\/en\/?s={search_term_string}"},"query-input":{"@type":"PropertyValueSpecification","valueRequired":true,"valueName":"search_term_string"}}],"inLanguage":"en-CA"},{"@type":"Organization","@id":"https:\/\/campingdessommetsbromont.com\/en\/#organization","name":"Camping des Sommets Bromont","url":"https:\/\/campingdessommetsbromont.com\/en\/","logo":{"@type":"ImageObject","inLanguage":"en-CA","@id":"https:\/\/campingdessommetsbromont.com\/en\/#\/schema\/logo\/image\/","url":"https:\/\/campingdessommetsbromont.com\/wp-content\/uploads\/Logo_CampingDesSommets_rect.svg","contentUrl":"https:\/\/campingdessommetsbromont.com\/wp-content\/uploads\/Logo_CampingDesSommets_rect.svg","width":351,"height":136,"caption":"Camping des Sommets Bromont"},"image":{"@id":"https:\/\/campingdessommetsbromont.com\/en\/#\/schema\/logo\/image\/"},"sameAs":["https:\/\/www.facebook.com\/CampingSommetsBromont"]}]}},"_links":{"self":[{"href":"https:\/\/campingdessommetsbromont.com\/en\/wp-json\/wp\/v2\/pages\/2111","targetHints":{"allow":["GET"]}}],"collection":[{"href":"https:\/\/campingdessommetsbromont.com\/en\/wp-json\/wp\/v2\/pages"}],"about":[{"href":"https:\/\/campingdessommetsbromont.com\/en\/wp-json\/wp\/v2\/types\/page"}],"author":[{"embeddable":true,"href":"https:\/\/campingdessommetsbromont.com\/en\/wp-json\/wp\/v2\/users\/1"}],"replies":[{"embeddable":true,"href":"https:\/\/campingdessommetsbromont.com\/en\/wp-json\/wp\/v2\/comments?post=2111"}],"version-history":[{"count":3,"href":"https:\/\/campingdessommetsbromont.com\/en\/wp-json\/wp\/v2\/pages\/2111\/revisions"}],"predecessor-version":[{"id":3761,"href":"https:\/\/campingdessommetsbromont.com\/en\/wp-json\/wp\/v2\/pages\/2111\/revisions\/3761"}],"wp:featuredmedia":[{"embeddable":true,"href":"https:\/\/campingdessommetsbromont.com\/en\/wp-json\/wp\/v2\/media\/2062"}],"wp:attachment":[{"href":"https:\/\/campingdessommetsbromont.com\/en\/wp-json\/wp\/v2\/media?parent=2111"}],"curies":[{"name":"wp","href":"https:\/\/api.w.org\/{rel}","templated":true}]}}