{"id":2120,"date":"2022-09-29T21:48:13","date_gmt":"2022-09-30T01:48:13","guid":{"rendered":"https:\/\/campingdessommetsbromont.com\/rules\/"},"modified":"2025-04-23T13:19:19","modified_gmt":"2025-04-23T17:19:19","slug":"rules","status":"publish","type":"page","link":"https:\/\/campingdessommetsbromont.com\/en\/rules\/","title":{"rendered":"Rules"},"content":{"rendered":"<section class=\"l-section wpb_row height_custom\"><div class=\"l-section-h i-cf\"><div class=\"g-cols vc_row via_grid cols_1 laptops-cols_inherit tablets-cols_inherit mobiles-cols_1 valign_top type_default stacking_default\"><div class=\"wpb_column vc_column_container\"><div class=\"vc_column-inner\"><div class=\"wpb_text_column\"><div class=\"wpb_wrapper\"><p>Prices are subject to change without notice. In the event of a discrepancy or error between the price displayed at the time of the online reservation and the price displayed on the campground&#8217;s website, the price displayed on the website always takes precedence.<\/p>\n<p>Please note that reservation or administrative fees are not refundable.<\/p>\n<p>IMPORTANT! The security of your personal information is important to us. Never give out your credit card number if you receive a phone call or email asking for it. Be careful when you make purchases on the Internet!<\/p>\n<h3>Cancellation<\/h3>\n<p>Up to 7 days prior to your arrival date, you may cancel your stay: A 10% administration fee will be charged for each cancelled reservation or night. Within 7 days of your arrival, no refund on deposits.<\/p>\n<h3>Non-transferable reservation<\/h3>\n<p>Please note that if you have not arrived the day after your arrival date at 1:00 pm, your site will be considered free.<\/p>\n<p>If you wish to cancel your reservation, you can do so by phone at <a href=\"tel:4505342404\">450-534-2404<\/a> or by email at <a href=\"mailto:reservation@campingdessommetsbromont.com\">reservation@campingdessommetsbromont.com<\/a><\/p>\n<p>The access card must be deposited at your DEPARTURE in the box at the exit gate.<\/p>\n<h3>Pets<\/h3>\n<p>Dogs are allowed on site, as long as they\u2019re kept on a leash at all times.<\/p>\n<h3>Wi-Fi<\/h3>\n<p>The code for the Wi-Fi is written on the map that will be given to you at the reception.<\/p>\n<h3>Additional equipment<\/h3>\n<p>No 2nd equipment allowed without declaration and payment of fees. ($40 per tent\/night). Please declare your visitors at the reception desk.<\/p>\n<h3>Curfew<\/h3>\n<p>Curfew is between 11pm and 8am at all times. We ask that you respect the peace and sleep of other campers. No noise that can be heard from the neighboring site is allowed.<\/p>\n<p>In high season the maximum arrival time is 9:00 pm. (May 20th to September 3rd)<br \/>In low season the maximum arrival time is 6:00 pm from Sunday to Thursday and 9:00 pm on Fridays and Saturdays.<\/p>\n<h3>Arrival and departure times<\/h3>\n<p>Cabin: 2pm \/ 11am<br \/>Site: 2pm \/ 1pm<\/p>\n<h3>Late Departure<\/h3>\n<p>If the site is available at the time of your departure.<\/p>\n<p>Cabin: Additional fee of $10\/hr<br \/>Site: Additional fee of $5\/hr<\/p>\n<\/div><\/div><\/div><\/div><\/div><\/div><\/section>\n","protected":false},"excerpt":{"rendered":"Prices are subject to change without notice. In the event of a discrepancy or error between the price displayed at the time of the online reservation and the price displayed on the campground&#8217;s website, the price displayed on the website always takes precedence. Please note that reservation or administrative fees are not refundable. IMPORTANT! The...","protected":false},"author":1,"featured_media":2062,"parent":0,"menu_order":0,"comment_status":"closed","ping_status":"closed","template":"","meta":{"footnotes":""},"class_list":["post-2120","page","type-page","status-publish","has-post-thumbnail","hentry"],"yoast_head":"<!-- This site is optimized with the Yoast SEO plugin v27.3 - https:\/\/yoast.com\/product\/yoast-seo-wordpress\/ -->\n<title>Rules - Camping des Sommets Bromont<\/title>\n<meta name=\"description\" content=\"Terrains de camping pour voyageurs, saisonniers et cabines pr\u00eat-\u00e0-camper. Situ\u00e9 \u00e0 Bromont, l&#039;ndroit id\u00e9al pour profiter des activit\u00e9s ax\u00e9es sur le plein air.\" \/>\n<meta name=\"robots\" content=\"index, follow, max-snippet:-1, max-image-preview:large, max-video-preview:-1\" \/>\n<link rel=\"canonical\" href=\"https:\/\/campingdessommetsbromont.com\/en\/rules\/\" \/>\n<meta property=\"og:locale\" content=\"en_US\" \/>\n<meta property=\"og:type\" content=\"article\" \/>\n<meta property=\"og:title\" content=\"Rules - Camping des Sommets Bromont\" \/>\n<meta property=\"og:description\" content=\"Terrains de camping pour voyageurs, saisonniers et cabines pr\u00eat-\u00e0-camper. Situ\u00e9 \u00e0 Bromont, l&#039;ndroit id\u00e9al pour profiter des activit\u00e9s ax\u00e9es sur le plein air.\" \/>\n<meta property=\"og:url\" content=\"https:\/\/campingdessommetsbromont.com\/en\/rules\/\" \/>\n<meta property=\"og:site_name\" content=\"Camping des Sommets Bromont\" \/>\n<meta property=\"article:publisher\" content=\"https:\/\/www.facebook.com\/CampingSommetsBromont\" \/>\n<meta property=\"article:modified_time\" content=\"2025-04-23T17:19:19+00:00\" \/>\n<meta property=\"og:image\" content=\"https:\/\/campingdessommetsbromont.com\/wp-content\/uploads\/bandeau-lac.jpg\" \/>\n\t<meta property=\"og:image:width\" content=\"1920\" \/>\n\t<meta property=\"og:image:height\" content=\"450\" \/>\n\t<meta property=\"og:image:type\" content=\"image\/jpeg\" \/>\n<meta name=\"twitter:card\" content=\"summary_large_image\" \/>\n<meta name=\"twitter:label1\" content=\"Est. reading time\" \/>\n\t<meta name=\"twitter:data1\" content=\"2 minutes\" \/>\n<script type=\"application\/ld+json\" class=\"yoast-schema-graph\">{\"@context\":\"https:\\\/\\\/schema.org\",\"@graph\":[{\"@type\":\"WebPage\",\"@id\":\"https:\\\/\\\/campingdessommetsbromont.com\\\/en\\\/rules\\\/\",\"url\":\"https:\\\/\\\/campingdessommetsbromont.com\\\/en\\\/rules\\\/\",\"name\":\"Rules - Camping des Sommets Bromont\",\"isPartOf\":{\"@id\":\"https:\\\/\\\/campingdessommetsbromont.com\\\/en\\\/#website\"},\"primaryImageOfPage\":{\"@id\":\"https:\\\/\\\/campingdessommetsbromont.com\\\/en\\\/rules\\\/#primaryimage\"},\"image\":{\"@id\":\"https:\\\/\\\/campingdessommetsbromont.com\\\/en\\\/rules\\\/#primaryimage\"},\"thumbnailUrl\":\"https:\\\/\\\/campingdessommetsbromont.com\\\/wp-content\\\/uploads\\\/bandeau-lac.jpg\",\"datePublished\":\"2022-09-30T01:48:13+00:00\",\"dateModified\":\"2025-04-23T17:19:19+00:00\",\"description\":\"Terrains de camping pour voyageurs, saisonniers et cabines pr\u00eat-\u00e0-camper. Situ\u00e9 \u00e0 Bromont, l'ndroit id\u00e9al pour profiter des activit\u00e9s ax\u00e9es sur le plein air.\",\"breadcrumb\":{\"@id\":\"https:\\\/\\\/campingdessommetsbromont.com\\\/en\\\/rules\\\/#breadcrumb\"},\"inLanguage\":\"en-CA\",\"potentialAction\":[{\"@type\":\"ReadAction\",\"target\":[\"https:\\\/\\\/campingdessommetsbromont.com\\\/en\\\/rules\\\/\"]}]},{\"@type\":\"ImageObject\",\"inLanguage\":\"en-CA\",\"@id\":\"https:\\\/\\\/campingdessommetsbromont.com\\\/en\\\/rules\\\/#primaryimage\",\"url\":\"https:\\\/\\\/campingdessommetsbromont.com\\\/wp-content\\\/uploads\\\/bandeau-lac.jpg\",\"contentUrl\":\"https:\\\/\\\/campingdessommetsbromont.com\\\/wp-content\\\/uploads\\\/bandeau-lac.jpg\",\"width\":1920,\"height\":450},{\"@type\":\"BreadcrumbList\",\"@id\":\"https:\\\/\\\/campingdessommetsbromont.com\\\/en\\\/rules\\\/#breadcrumb\",\"itemListElement\":[{\"@type\":\"ListItem\",\"position\":1,\"name\":\"Accueil\",\"item\":\"https:\\\/\\\/campingdessommetsbromont.com\\\/en\\\/home\\\/\"},{\"@type\":\"ListItem\",\"position\":2,\"name\":\"Rules\"}]},{\"@type\":\"WebSite\",\"@id\":\"https:\\\/\\\/campingdessommetsbromont.com\\\/en\\\/#website\",\"url\":\"https:\\\/\\\/campingdessommetsbromont.com\\\/en\\\/\",\"name\":\"Camping des Sommets Bromont\",\"description\":\"Camping situ\u00e9 \u00e0 Bromont dans les Cantons-de-l&#039;Est\",\"publisher\":{\"@id\":\"https:\\\/\\\/campingdessommetsbromont.com\\\/en\\\/#organization\"},\"potentialAction\":[{\"@type\":\"SearchAction\",\"target\":{\"@type\":\"EntryPoint\",\"urlTemplate\":\"https:\\\/\\\/campingdessommetsbromont.com\\\/en\\\/?s={search_term_string}\"},\"query-input\":{\"@type\":\"PropertyValueSpecification\",\"valueRequired\":true,\"valueName\":\"search_term_string\"}}],\"inLanguage\":\"en-CA\"},{\"@type\":\"Organization\",\"@id\":\"https:\\\/\\\/campingdessommetsbromont.com\\\/en\\\/#organization\",\"name\":\"Camping des Sommets Bromont\",\"url\":\"https:\\\/\\\/campingdessommetsbromont.com\\\/en\\\/\",\"logo\":{\"@type\":\"ImageObject\",\"inLanguage\":\"en-CA\",\"@id\":\"https:\\\/\\\/campingdessommetsbromont.com\\\/en\\\/#\\\/schema\\\/logo\\\/image\\\/\",\"url\":\"https:\\\/\\\/campingdessommetsbromont.com\\\/wp-content\\\/uploads\\\/Logo_CampingDesSommets_rect.svg\",\"contentUrl\":\"https:\\\/\\\/campingdessommetsbromont.com\\\/wp-content\\\/uploads\\\/Logo_CampingDesSommets_rect.svg\",\"width\":351,\"height\":136,\"caption\":\"Camping des Sommets Bromont\"},\"image\":{\"@id\":\"https:\\\/\\\/campingdessommetsbromont.com\\\/en\\\/#\\\/schema\\\/logo\\\/image\\\/\"},\"sameAs\":[\"https:\\\/\\\/www.facebook.com\\\/CampingSommetsBromont\"]}]}<\/script>\n<!-- \/ Yoast SEO plugin. -->","yoast_head_json":{"title":"Rules - Camping des Sommets Bromont","description":"Terrains de camping pour voyageurs, saisonniers et cabines pr\u00eat-\u00e0-camper. Situ\u00e9 \u00e0 Bromont, l'ndroit id\u00e9al pour profiter des activit\u00e9s ax\u00e9es sur le plein air.","robots":{"index":"index","follow":"follow","max-snippet":"max-snippet:-1","max-image-preview":"max-image-preview:large","max-video-preview":"max-video-preview:-1"},"canonical":"https:\/\/campingdessommetsbromont.com\/en\/rules\/","og_locale":"en_US","og_type":"article","og_title":"Rules - Camping des Sommets Bromont","og_description":"Terrains de camping pour voyageurs, saisonniers et cabines pr\u00eat-\u00e0-camper. Situ\u00e9 \u00e0 Bromont, l'ndroit id\u00e9al pour profiter des activit\u00e9s ax\u00e9es sur le plein air.","og_url":"https:\/\/campingdessommetsbromont.com\/en\/rules\/","og_site_name":"Camping des Sommets Bromont","article_publisher":"https:\/\/www.facebook.com\/CampingSommetsBromont","article_modified_time":"2025-04-23T17:19:19+00:00","og_image":[{"width":1920,"height":450,"url":"https:\/\/campingdessommetsbromont.com\/wp-content\/uploads\/bandeau-lac.jpg","type":"image\/jpeg"}],"twitter_card":"summary_large_image","twitter_misc":{"Est. reading time":"2 minutes"},"schema":{"@context":"https:\/\/schema.org","@graph":[{"@type":"WebPage","@id":"https:\/\/campingdessommetsbromont.com\/en\/rules\/","url":"https:\/\/campingdessommetsbromont.com\/en\/rules\/","name":"Rules - Camping des Sommets Bromont","isPartOf":{"@id":"https:\/\/campingdessommetsbromont.com\/en\/#website"},"primaryImageOfPage":{"@id":"https:\/\/campingdessommetsbromont.com\/en\/rules\/#primaryimage"},"image":{"@id":"https:\/\/campingdessommetsbromont.com\/en\/rules\/#primaryimage"},"thumbnailUrl":"https:\/\/campingdessommetsbromont.com\/wp-content\/uploads\/bandeau-lac.jpg","datePublished":"2022-09-30T01:48:13+00:00","dateModified":"2025-04-23T17:19:19+00:00","description":"Terrains de camping pour voyageurs, saisonniers et cabines pr\u00eat-\u00e0-camper. Situ\u00e9 \u00e0 Bromont, l'ndroit id\u00e9al pour profiter des activit\u00e9s ax\u00e9es sur le plein air.","breadcrumb":{"@id":"https:\/\/campingdessommetsbromont.com\/en\/rules\/#breadcrumb"},"inLanguage":"en-CA","potentialAction":[{"@type":"ReadAction","target":["https:\/\/campingdessommetsbromont.com\/en\/rules\/"]}]},{"@type":"ImageObject","inLanguage":"en-CA","@id":"https:\/\/campingdessommetsbromont.com\/en\/rules\/#primaryimage","url":"https:\/\/campingdessommetsbromont.com\/wp-content\/uploads\/bandeau-lac.jpg","contentUrl":"https:\/\/campingdessommetsbromont.com\/wp-content\/uploads\/bandeau-lac.jpg","width":1920,"height":450},{"@type":"BreadcrumbList","@id":"https:\/\/campingdessommetsbromont.com\/en\/rules\/#breadcrumb","itemListElement":[{"@type":"ListItem","position":1,"name":"Accueil","item":"https:\/\/campingdessommetsbromont.com\/en\/home\/"},{"@type":"ListItem","position":2,"name":"Rules"}]},{"@type":"WebSite","@id":"https:\/\/campingdessommetsbromont.com\/en\/#website","url":"https:\/\/campingdessommetsbromont.com\/en\/","name":"Camping des Sommets Bromont","description":"Camping situ\u00e9 \u00e0 Bromont dans les Cantons-de-l&#039;Est","publisher":{"@id":"https:\/\/campingdessommetsbromont.com\/en\/#organization"},"potentialAction":[{"@type":"SearchAction","target":{"@type":"EntryPoint","urlTemplate":"https:\/\/campingdessommetsbromont.com\/en\/?s={search_term_string}"},"query-input":{"@type":"PropertyValueSpecification","valueRequired":true,"valueName":"search_term_string"}}],"inLanguage":"en-CA"},{"@type":"Organization","@id":"https:\/\/campingdessommetsbromont.com\/en\/#organization","name":"Camping des Sommets Bromont","url":"https:\/\/campingdessommetsbromont.com\/en\/","logo":{"@type":"ImageObject","inLanguage":"en-CA","@id":"https:\/\/campingdessommetsbromont.com\/en\/#\/schema\/logo\/image\/","url":"https:\/\/campingdessommetsbromont.com\/wp-content\/uploads\/Logo_CampingDesSommets_rect.svg","contentUrl":"https:\/\/campingdessommetsbromont.com\/wp-content\/uploads\/Logo_CampingDesSommets_rect.svg","width":351,"height":136,"caption":"Camping des Sommets Bromont"},"image":{"@id":"https:\/\/campingdessommetsbromont.com\/en\/#\/schema\/logo\/image\/"},"sameAs":["https:\/\/www.facebook.com\/CampingSommetsBromont"]}]}},"_links":{"self":[{"href":"https:\/\/campingdessommetsbromont.com\/en\/wp-json\/wp\/v2\/pages\/2120","targetHints":{"allow":["GET"]}}],"collection":[{"href":"https:\/\/campingdessommetsbromont.com\/en\/wp-json\/wp\/v2\/pages"}],"about":[{"href":"https:\/\/campingdessommetsbromont.com\/en\/wp-json\/wp\/v2\/types\/page"}],"author":[{"embeddable":true,"href":"https:\/\/campingdessommetsbromont.com\/en\/wp-json\/wp\/v2\/users\/1"}],"replies":[{"embeddable":true,"href":"https:\/\/campingdessommetsbromont.com\/en\/wp-json\/wp\/v2\/comments?post=2120"}],"version-history":[{"count":0,"href":"https:\/\/campingdessommetsbromont.com\/en\/wp-json\/wp\/v2\/pages\/2120\/revisions"}],"wp:featuredmedia":[{"embeddable":true,"href":"https:\/\/campingdessommetsbromont.com\/en\/wp-json\/wp\/v2\/media\/2062"}],"wp:attachment":[{"href":"https:\/\/campingdessommetsbromont.com\/en\/wp-json\/wp\/v2\/media?parent=2120"}],"curies":[{"name":"wp","href":"https:\/\/api.w.org\/{rel}","templated":true}]}}