{"id":2123,"date":"2022-09-23T11:12:35","date_gmt":"2022-09-23T15:12:35","guid":{"rendered":"https:\/\/campingdessommetsbromont.com\/partner-discounts\/"},"modified":"2025-11-18T13:52:54","modified_gmt":"2025-11-18T18:52:54","slug":"partner-discounts","status":"publish","type":"page","link":"https:\/\/campingdessommetsbromont.com\/en\/partner-discounts\/","title":{"rendered":"Partnership offers"},"content":{"rendered":"<section class=\"l-section wpb_row height_custom\"><div class=\"l-section-h i-cf\"><div class=\"g-cols vc_row via_grid cols_1 laptops-cols_inherit tablets-cols_inherit mobiles-cols_1 valign_top type_default stacking_default\"><div class=\"wpb_column vc_column_container\"><div class=\"vc_column-inner\"><div class=\"wpb_text_column us_custom_eb849559\"><div class=\"wpb_wrapper\"><h2>Rates<\/h2>\n<h3>The rates displayed are for 2025. New rates coming soon. <\/h3>\n<\/div><\/div><div class=\"wpb_text_column us_custom_eb849559\"><div class=\"wpb_wrapper\"><p>Please note that taxes are not included in the prices listed below and will be added at the time of purchase.<\/p>\n<\/div><\/div><\/div><\/div><\/div><\/div><\/section><section class=\"l-section wpb_row us_custom_0288ae13 height_custom\"><div class=\"l-section-h i-cf\"><div class=\"g-cols vc_row via_grid cols_2 laptops-cols_inherit tablets-cols_inherit mobiles-cols_1 valign_top type_default stacking_default\" style=\"--columns-gap:4.5rem;\"><div class=\"wpb_column vc_column_container\"><div class=\"vc_column-inner\"><div class=\"w-image us_custom_afa91e05 align_none\"><div class=\"w-image-h\"><img decoding=\"async\" width=\"255\" height=\"70\" src=\"https:\/\/campingdessommetsbromont.com\/wp-content\/uploads\/logo-bromont.png\" class=\"attachment-full size-full\" alt=\"\" loading=\"lazy\" \/><\/div><\/div><div class=\"wpb_text_column\"><div class=\"wpb_wrapper\"><h3>Enduro <small>&#8211; 3 chairlift rides<\/small><\/h3>\n<\/div><\/div><div class=\"wpb_text_column\"><div class=\"wpb_wrapper\"><table>\n<thead>\n<tr>\n<th><\/th>\n<th><em>Our price<\/em><\/th>\n<th>Regular price<\/th>\n<\/tr>\n<\/thead>\n<tbody>\n<tr>\n<td>Adult (18-99 years old)<\/td>\n<td><em>$53<\/em><\/td>\n<td>$64<\/td>\n<\/tr>\n<tr>\n<td>Student (13-17 years old)<\/td>\n<td><em>$42<\/em><\/td>\n<td>$54<\/td>\n<\/tr>\n<tr>\n<td>Child (6-12 years old)<\/td>\n<td><em>$30<\/em><\/td>\n<td>$38<\/td>\n<\/tr>\n<\/tbody>\n<\/table>\n<\/div><\/div><div class=\"w-separator size_small\"><\/div><\/div><\/div><div class=\"wpb_column vc_column_container\"><div class=\"vc_column-inner\"><div class=\"w-image us_custom_afa91e05 align_none\"><div class=\"w-image-h\"><img decoding=\"async\" width=\"255\" height=\"70\" src=\"https:\/\/campingdessommetsbromont.com\/wp-content\/uploads\/logo-bromont.png\" class=\"attachment-full size-full\" alt=\"\" loading=\"lazy\" \/><\/div><\/div><div class=\"wpb_text_column\"><div class=\"wpb_wrapper\"><h3>Unlimited <small>&#8211; Unlimited chairlift rides<\/small><\/h3>\n<\/div><\/div><div class=\"wpb_text_column\"><div class=\"wpb_wrapper\"><table>\n<thead>\n<tr>\n<th><\/th>\n<th><em>Our price<\/em><\/th>\n<th>Regular price<\/th>\n<\/tr>\n<\/thead>\n<tbody>\n<tr>\n<td>Adult (18-99 years old)<\/td>\n<td><em>$64<\/em><\/td>\n<td>$79<\/td>\n<\/tr>\n<tr>\n<td>Student (13-17 years old)<\/td>\n<td><em>$53<\/em><\/td>\n<td>$70<\/td>\n<\/tr>\n<tr>\n<td>Child (6-12 years old)<\/td>\n<td><em>$40<\/em><\/td>\n<td>$51$<\/td>\n<\/tr>\n<\/tbody>\n<\/table>\n<\/div><\/div><div class=\"w-separator size_small\"><\/div><\/div><\/div><\/div><\/div><\/section><section class=\"l-section wpb_row height_custom color_alternate\"><div class=\"l-section-h i-cf\"><div class=\"g-cols vc_row via_grid cols_2 laptops-cols_inherit tablets-cols_inherit mobiles-cols_1 valign_top type_default stacking_default\"><div class=\"wpb_column vc_column_container us_custom_eb849559\"><div class=\"vc_column-inner\"><div class=\"w-image us_custom_afa91e05 align_none\"><div class=\"w-image-h\"><img decoding=\"async\" width=\"255\" height=\"70\" src=\"https:\/\/campingdessommetsbromont.com\/wp-content\/uploads\/logo-bromont.png\" class=\"attachment-full size-full\" alt=\"\" loading=\"lazy\" \/><\/div><\/div><div class=\"wpb_text_column\"><div class=\"wpb_wrapper\"><h3><i class=\"fas fa-water\" style=\"color: #000 !important; margin-right: 5px !important;\"><\/i> Water Park<\/h3>\n<\/div><\/div><div class=\"wpb_text_column\"><div class=\"wpb_wrapper\"><table>\n<thead>\n<tr>\n<th width=\"33%\"><\/th>\n<th><em>Our price<\/em><\/th>\n<th>Regular price<\/th>\n<\/tr>\n<\/thead>\n<tbody>\n<tr>\n<td>1m32 and +<\/td>\n<td><em>$50<\/em><\/td>\n<td>$60<\/td>\n<\/tr>\n<tr>\n<td>1m31 and &#8211;<\/td>\n<td><em>$38<\/em><\/td>\n<td>$46<\/td>\n<\/tr>\n<tr>\n<td>2-3 years old<\/td>\n<td><em>$19<\/em><\/td>\n<td>$21<\/td>\n<\/tr>\n<tr>\n<td>Toddler (2 years and -)<\/td>\n<td><em>Free<\/em><\/td>\n<td>Free<\/td>\n<\/tr>\n<\/tbody>\n<\/table>\n<\/div><\/div><div class=\"w-separator size_small\"><\/div><\/div><\/div><div class=\"wpb_column vc_column_container us_custom_eb849559 hide_on_default hide_on_laptops hide_on_tablets hide_on_mobiles\"><div class=\"vc_column-inner\"><div class=\"w-image us_custom_afa91e05 align_none\"><div class=\"w-image-h\"><img decoding=\"async\" width=\"255\" height=\"70\" src=\"https:\/\/campingdessommetsbromont.com\/wp-content\/uploads\/logo-bromont.png\" class=\"attachment-full size-full\" alt=\"\" loading=\"lazy\" \/><\/div><\/div><div class=\"wpb_text_column\"><div class=\"wpb_wrapper\"><h3>Hiss\u00e9o H\u00e9bertisme<\/h3>\n<\/div><\/div><div class=\"wpb_text_column\"><div class=\"wpb_wrapper\"><table>\n<thead>\n<tr>\n<th><\/th>\n<th><em>Our price<\/em><\/th>\n<th>Regular price<\/th>\n<\/tr>\n<\/thead>\n<tbody>\n<tr>\n<td>1m73 and taller ARMS RAISED<\/td>\n<td><em>$29<\/em><\/td>\n<td>$-<\/td>\n<\/tr>\n<tr>\n<td>1m57 to 1m72 ARMS RAISED<\/td>\n<td><em>$19<\/em><\/td>\n<td>$-<\/td>\n<\/tr>\n<\/tbody>\n<\/table>\n<\/div><\/div><div class=\"w-separator size_small\"><\/div><\/div><\/div><\/div><\/div><\/section><section class=\"l-section wpb_row us_custom_eb849559 height_custom\"><div class=\"l-section-h i-cf\"><div class=\"g-cols vc_row via_grid cols_2 laptops-cols_inherit tablets-cols_inherit mobiles-cols_1 valign_top type_default stacking_default\" style=\"--columns-gap:4.5rem;\"><div class=\"wpb_column vc_column_container\"><div class=\"vc_column-inner\"><div class=\"w-image us_custom_afa91e05 align_center\"><div class=\"w-image-h\"><img decoding=\"async\" width=\"190\" height=\"70\" src=\"https:\/\/campingdessommetsbromont.com\/wp-content\/uploads\/logo_parc_des_sommets.png\" class=\"attachment-full size-full\" alt=\"\" loading=\"lazy\" \/><\/div><\/div><div class=\"wpb_text_column\"><div class=\"wpb_wrapper\"><h3><i class=\"fas fa-biking\" style=\"color: #000 !important; margin-right: 5px !important;\"><\/i> <i class=\"fas fa-walking\" style=\"color: #000 !important; margin-right: 5px !important;\"><\/i> 140 km of trails in Bromont<\/h3>\n<\/div><\/div><div class=\"wpb_text_column\"><div class=\"wpb_wrapper\"><table>\n<thead>\n<tr>\n<th width=\"33%\"><\/th>\n<th><em>Our price<\/em><\/th>\n<th>Regular price<\/th>\n<\/tr>\n<\/thead>\n<tbody>\n<tr>\n<td>Bike adult (18-99 years old)<\/td>\n<td><em>15,66$<\/em><\/td>\n<td>17,40$<\/td>\n<\/tr>\n<tr>\n<td>Bike student (6-17 years old)<\/td>\n<td><em>10,96$<\/em><\/td>\n<td>12,18$<\/td>\n<\/tr>\n<tr>\n<td>Bike family (2 adults + 2 children)<\/td>\n<td><em>39,15$<\/em><\/td>\n<td>43,50$<\/td>\n<\/tr>\n<tr>\n<td>Rando adult (18-99 years old)<\/td>\n<td><em>$8.61<\/em><\/td>\n<td>$9.57<\/td>\n<\/tr>\n<tr>\n<td>Rando student (6-17 years old)<\/td>\n<td><em>$6.26<\/em><\/td>\n<td>$6.96<\/td>\n<\/tr>\n<tr>\n<td>Season Pass \u2013 Adult<\/td>\n<td><em>$140.45<\/em><small>on sale at pavillon<\/small><\/td>\n<td>$165.24<\/td>\n<\/tr>\n<tr>\n<td>Season Pass &#8211; Student<\/td>\n<td><em>$81.56<\/em><small>on sale at pavillon<\/small><\/td>\n<td>$95.96<\/td>\n<\/tr>\n<tr>\n<td>5 years old and &#8211;<\/td>\n<td><em>Free<\/em><\/td>\n<td>Free<\/td>\n<\/tr>\n<\/tbody>\n<\/table>\n<\/div><\/div><\/div><\/div><div class=\"wpb_column vc_column_container\"><div class=\"vc_column-inner\"><div class=\"w-image us_custom_540377f3 align_none\"><div class=\"w-image-h\"><img decoding=\"async\" width=\"400\" height=\"221\" src=\"https:\/\/campingdessommetsbromont.com\/wp-content\/uploads\/logo-motion-granby.png\" class=\"attachment-full size-full\" alt=\"\" loading=\"lazy\" \/><\/div><\/div><div class=\"wpb_text_column\"><div class=\"wpb_wrapper\"><table style=\"height: 104px;\" width=\"447\">\n<thead>\n<tr>\n<th width=\"33%\"><\/th>\n<th><em>Our price<\/em><\/th>\n<th>Regular price<\/th>\n<\/tr>\n<\/thead>\n<tbody>\n<tr>\n<td>9 years old +<\/td>\n<td><em>$17.40<\/em><small>on sale at Motion<\/small><\/td>\n<td>$21.75<\/td>\n<\/tr>\n<tr>\n<td>6-8 years old<\/td>\n<td><em>$15.93<\/em><small>on sale at Motion<\/small><\/td>\n<td>$18.75<\/td>\n<\/tr>\n<tr>\n<td>3-5 years old<\/td>\n<td><em>$11<\/em><small>on sale at Motion<\/small><\/td>\n<td>$13.75<\/td>\n<\/tr>\n<tr>\n<td>2 years old \u2013<\/td>\n<td><em>$8.60<\/em><small>on sale at Motion<\/small><\/td>\n<td>$10.75<\/td>\n<\/tr>\n<\/tbody>\n<\/table>\n<\/div><\/div><\/div><\/div><\/div><\/div><\/section><section class=\"l-section wpb_row height_custom color_alternate\"><div class=\"l-section-h i-cf\"><div class=\"g-cols vc_row via_grid cols_2 laptops-cols_inherit tablets-cols_inherit mobiles-cols_1 valign_top type_default stacking_default\"><div class=\"wpb_column vc_column_container us_custom_eb849559\"><div class=\"vc_column-inner\"><div class=\"w-image us_custom_bf2f952d align_center\"><div class=\"w-image-h\"><img decoding=\"async\" width=\"287\" height=\"221\" src=\"https:\/\/campingdessommetsbromont.com\/wp-content\/uploads\/Zoo_Granby_logo.png\" class=\"attachment-full size-full\" alt=\"\" loading=\"lazy\" \/><\/div><\/div><div class=\"wpb_text_column\"><div class=\"wpb_wrapper\"><table>\n<thead>\n<tr>\n<th width=\"33%\"><\/th>\n<th><em>Our price (1 day) <\/em><\/th>\n<th>Regular price<\/th>\n<\/tr>\n<\/thead>\n<tbody>\n<tr>\n<td>Adult (13-99 years old)<\/td>\n<td><em>$51.70<\/em><\/td>\n<td>$54.99 \/ $59.99<\/td>\n<\/tr>\n<tr>\n<td>Child (3-12 years old)<\/td>\n<td><em>$34.80<\/em><\/td>\n<td>$39.99<\/td>\n<\/tr>\n<tr>\n<td>Toddler (2 years old)<\/td>\n<td><em>$16.99<\/em><\/td>\n<td>$19.99<\/td>\n<\/tr>\n<tr>\n<td>Baby (2 years old and -)<\/td>\n<td><em>Free<\/em><\/td>\n<td>Free<\/td>\n<\/tr>\n<tr>\n<td>2 adults + 2 children<\/td>\n<td><em>$165<\/em><\/td>\n<td>&#8211;<\/td>\n<\/tr>\n<\/tbody>\n<\/table>\n<\/div><\/div><div class=\"w-separator size_small\"><\/div><\/div><\/div><div class=\"wpb_column vc_column_container us_custom_eb849559\"><div class=\"vc_column-inner\"><\/div><\/div><\/div><\/div><\/section>\n","protected":false},"excerpt":{"rendered":"Rates The rates displayed are for 2025. New rates coming soon. Please note that taxes are not included in the prices listed below and will be added at the time of purchase. Enduro &#8211; 3 chairlift rides Our price Regular price Adult (18-99 years old) $53 $64 Student (13-17 years old) $42 $54 Child (6-12...","protected":false},"author":1,"featured_media":2057,"parent":0,"menu_order":0,"comment_status":"closed","ping_status":"closed","template":"","meta":{"footnotes":""},"class_list":["post-2123","page","type-page","status-publish","has-post-thumbnail","hentry"],"yoast_head":"<!-- This site is optimized with the Yoast SEO plugin v27.3 - https:\/\/yoast.com\/product\/yoast-seo-wordpress\/ -->\n<title>Partnership offers - Camping des Sommets Bromont<\/title>\n<meta name=\"description\" content=\"Terrains de camping pour voyageurs, saisonniers et cabines pr\u00eat-\u00e0-camper. Situ\u00e9 \u00e0 Bromont, l&#039;ndroit id\u00e9al pour profiter des activit\u00e9s ax\u00e9es sur le plein air.\" \/>\n<meta name=\"robots\" content=\"index, follow, max-snippet:-1, max-image-preview:large, max-video-preview:-1\" \/>\n<link rel=\"canonical\" href=\"https:\/\/campingdessommetsbromont.com\/en\/partner-discounts\/\" \/>\n<meta property=\"og:locale\" content=\"en_US\" \/>\n<meta property=\"og:type\" content=\"article\" \/>\n<meta property=\"og:title\" content=\"Partnership offers - Camping des Sommets Bromont\" \/>\n<meta property=\"og:description\" content=\"Terrains de camping pour voyageurs, saisonniers et cabines pr\u00eat-\u00e0-camper. Situ\u00e9 \u00e0 Bromont, l&#039;ndroit id\u00e9al pour profiter des activit\u00e9s ax\u00e9es sur le plein air.\" \/>\n<meta property=\"og:url\" content=\"https:\/\/campingdessommetsbromont.com\/en\/partner-discounts\/\" \/>\n<meta property=\"og:site_name\" content=\"Camping des Sommets Bromont\" \/>\n<meta property=\"article:publisher\" content=\"https:\/\/www.facebook.com\/CampingSommetsBromont\" \/>\n<meta property=\"article:modified_time\" content=\"2025-11-18T18:52:54+00:00\" \/>\n<meta property=\"og:image\" content=\"https:\/\/campingdessommetsbromont.com\/wp-content\/uploads\/bandeau-rabais.jpg\" \/>\n\t<meta property=\"og:image:width\" content=\"1920\" \/>\n\t<meta property=\"og:image:height\" content=\"450\" \/>\n\t<meta property=\"og:image:type\" content=\"image\/jpeg\" \/>\n<meta name=\"twitter:card\" content=\"summary_large_image\" \/>\n<meta name=\"twitter:label1\" content=\"Est. reading time\" \/>\n\t<meta name=\"twitter:data1\" content=\"4 minutes\" \/>\n<script type=\"application\/ld+json\" class=\"yoast-schema-graph\">{\"@context\":\"https:\\\/\\\/schema.org\",\"@graph\":[{\"@type\":\"WebPage\",\"@id\":\"https:\\\/\\\/campingdessommetsbromont.com\\\/en\\\/partner-discounts\\\/\",\"url\":\"https:\\\/\\\/campingdessommetsbromont.com\\\/en\\\/partner-discounts\\\/\",\"name\":\"Partnership offers - Camping des Sommets Bromont\",\"isPartOf\":{\"@id\":\"https:\\\/\\\/campingdessommetsbromont.com\\\/en\\\/#website\"},\"primaryImageOfPage\":{\"@id\":\"https:\\\/\\\/campingdessommetsbromont.com\\\/en\\\/partner-discounts\\\/#primaryimage\"},\"image\":{\"@id\":\"https:\\\/\\\/campingdessommetsbromont.com\\\/en\\\/partner-discounts\\\/#primaryimage\"},\"thumbnailUrl\":\"https:\\\/\\\/campingdessommetsbromont.com\\\/wp-content\\\/uploads\\\/bandeau-rabais.jpg\",\"datePublished\":\"2022-09-23T15:12:35+00:00\",\"dateModified\":\"2025-11-18T18:52:54+00:00\",\"description\":\"Terrains de camping pour voyageurs, saisonniers et cabines pr\u00eat-\u00e0-camper. Situ\u00e9 \u00e0 Bromont, l'ndroit id\u00e9al pour profiter des activit\u00e9s ax\u00e9es sur le plein air.\",\"breadcrumb\":{\"@id\":\"https:\\\/\\\/campingdessommetsbromont.com\\\/en\\\/partner-discounts\\\/#breadcrumb\"},\"inLanguage\":\"en-CA\",\"potentialAction\":[{\"@type\":\"ReadAction\",\"target\":[\"https:\\\/\\\/campingdessommetsbromont.com\\\/en\\\/partner-discounts\\\/\"]}]},{\"@type\":\"ImageObject\",\"inLanguage\":\"en-CA\",\"@id\":\"https:\\\/\\\/campingdessommetsbromont.com\\\/en\\\/partner-discounts\\\/#primaryimage\",\"url\":\"https:\\\/\\\/campingdessommetsbromont.com\\\/wp-content\\\/uploads\\\/bandeau-rabais.jpg\",\"contentUrl\":\"https:\\\/\\\/campingdessommetsbromont.com\\\/wp-content\\\/uploads\\\/bandeau-rabais.jpg\",\"width\":1920,\"height\":450},{\"@type\":\"BreadcrumbList\",\"@id\":\"https:\\\/\\\/campingdessommetsbromont.com\\\/en\\\/partner-discounts\\\/#breadcrumb\",\"itemListElement\":[{\"@type\":\"ListItem\",\"position\":1,\"name\":\"Accueil\",\"item\":\"https:\\\/\\\/campingdessommetsbromont.com\\\/en\\\/home\\\/\"},{\"@type\":\"ListItem\",\"position\":2,\"name\":\"Partnership offers\"}]},{\"@type\":\"WebSite\",\"@id\":\"https:\\\/\\\/campingdessommetsbromont.com\\\/en\\\/#website\",\"url\":\"https:\\\/\\\/campingdessommetsbromont.com\\\/en\\\/\",\"name\":\"Camping des Sommets Bromont\",\"description\":\"Camping situ\u00e9 \u00e0 Bromont dans les Cantons-de-l&#039;Est\",\"publisher\":{\"@id\":\"https:\\\/\\\/campingdessommetsbromont.com\\\/en\\\/#organization\"},\"potentialAction\":[{\"@type\":\"SearchAction\",\"target\":{\"@type\":\"EntryPoint\",\"urlTemplate\":\"https:\\\/\\\/campingdessommetsbromont.com\\\/en\\\/?s={search_term_string}\"},\"query-input\":{\"@type\":\"PropertyValueSpecification\",\"valueRequired\":true,\"valueName\":\"search_term_string\"}}],\"inLanguage\":\"en-CA\"},{\"@type\":\"Organization\",\"@id\":\"https:\\\/\\\/campingdessommetsbromont.com\\\/en\\\/#organization\",\"name\":\"Camping des Sommets Bromont\",\"url\":\"https:\\\/\\\/campingdessommetsbromont.com\\\/en\\\/\",\"logo\":{\"@type\":\"ImageObject\",\"inLanguage\":\"en-CA\",\"@id\":\"https:\\\/\\\/campingdessommetsbromont.com\\\/en\\\/#\\\/schema\\\/logo\\\/image\\\/\",\"url\":\"https:\\\/\\\/campingdessommetsbromont.com\\\/wp-content\\\/uploads\\\/Logo_CampingDesSommets_rect.svg\",\"contentUrl\":\"https:\\\/\\\/campingdessommetsbromont.com\\\/wp-content\\\/uploads\\\/Logo_CampingDesSommets_rect.svg\",\"width\":351,\"height\":136,\"caption\":\"Camping des Sommets Bromont\"},\"image\":{\"@id\":\"https:\\\/\\\/campingdessommetsbromont.com\\\/en\\\/#\\\/schema\\\/logo\\\/image\\\/\"},\"sameAs\":[\"https:\\\/\\\/www.facebook.com\\\/CampingSommetsBromont\"]}]}<\/script>\n<!-- \/ Yoast SEO plugin. -->","yoast_head_json":{"title":"Partnership offers - Camping des Sommets Bromont","description":"Terrains de camping pour voyageurs, saisonniers et cabines pr\u00eat-\u00e0-camper. Situ\u00e9 \u00e0 Bromont, l'ndroit id\u00e9al pour profiter des activit\u00e9s ax\u00e9es sur le plein air.","robots":{"index":"index","follow":"follow","max-snippet":"max-snippet:-1","max-image-preview":"max-image-preview:large","max-video-preview":"max-video-preview:-1"},"canonical":"https:\/\/campingdessommetsbromont.com\/en\/partner-discounts\/","og_locale":"en_US","og_type":"article","og_title":"Partnership offers - Camping des Sommets Bromont","og_description":"Terrains de camping pour voyageurs, saisonniers et cabines pr\u00eat-\u00e0-camper. Situ\u00e9 \u00e0 Bromont, l'ndroit id\u00e9al pour profiter des activit\u00e9s ax\u00e9es sur le plein air.","og_url":"https:\/\/campingdessommetsbromont.com\/en\/partner-discounts\/","og_site_name":"Camping des Sommets Bromont","article_publisher":"https:\/\/www.facebook.com\/CampingSommetsBromont","article_modified_time":"2025-11-18T18:52:54+00:00","og_image":[{"width":1920,"height":450,"url":"https:\/\/campingdessommetsbromont.com\/wp-content\/uploads\/bandeau-rabais.jpg","type":"image\/jpeg"}],"twitter_card":"summary_large_image","twitter_misc":{"Est. reading time":"4 minutes"},"schema":{"@context":"https:\/\/schema.org","@graph":[{"@type":"WebPage","@id":"https:\/\/campingdessommetsbromont.com\/en\/partner-discounts\/","url":"https:\/\/campingdessommetsbromont.com\/en\/partner-discounts\/","name":"Partnership offers - Camping des Sommets Bromont","isPartOf":{"@id":"https:\/\/campingdessommetsbromont.com\/en\/#website"},"primaryImageOfPage":{"@id":"https:\/\/campingdessommetsbromont.com\/en\/partner-discounts\/#primaryimage"},"image":{"@id":"https:\/\/campingdessommetsbromont.com\/en\/partner-discounts\/#primaryimage"},"thumbnailUrl":"https:\/\/campingdessommetsbromont.com\/wp-content\/uploads\/bandeau-rabais.jpg","datePublished":"2022-09-23T15:12:35+00:00","dateModified":"2025-11-18T18:52:54+00:00","description":"Terrains de camping pour voyageurs, saisonniers et cabines pr\u00eat-\u00e0-camper. Situ\u00e9 \u00e0 Bromont, l'ndroit id\u00e9al pour profiter des activit\u00e9s ax\u00e9es sur le plein air.","breadcrumb":{"@id":"https:\/\/campingdessommetsbromont.com\/en\/partner-discounts\/#breadcrumb"},"inLanguage":"en-CA","potentialAction":[{"@type":"ReadAction","target":["https:\/\/campingdessommetsbromont.com\/en\/partner-discounts\/"]}]},{"@type":"ImageObject","inLanguage":"en-CA","@id":"https:\/\/campingdessommetsbromont.com\/en\/partner-discounts\/#primaryimage","url":"https:\/\/campingdessommetsbromont.com\/wp-content\/uploads\/bandeau-rabais.jpg","contentUrl":"https:\/\/campingdessommetsbromont.com\/wp-content\/uploads\/bandeau-rabais.jpg","width":1920,"height":450},{"@type":"BreadcrumbList","@id":"https:\/\/campingdessommetsbromont.com\/en\/partner-discounts\/#breadcrumb","itemListElement":[{"@type":"ListItem","position":1,"name":"Accueil","item":"https:\/\/campingdessommetsbromont.com\/en\/home\/"},{"@type":"ListItem","position":2,"name":"Partnership offers"}]},{"@type":"WebSite","@id":"https:\/\/campingdessommetsbromont.com\/en\/#website","url":"https:\/\/campingdessommetsbromont.com\/en\/","name":"Camping des Sommets Bromont","description":"Camping situ\u00e9 \u00e0 Bromont dans les Cantons-de-l&#039;Est","publisher":{"@id":"https:\/\/campingdessommetsbromont.com\/en\/#organization"},"potentialAction":[{"@type":"SearchAction","target":{"@type":"EntryPoint","urlTemplate":"https:\/\/campingdessommetsbromont.com\/en\/?s={search_term_string}"},"query-input":{"@type":"PropertyValueSpecification","valueRequired":true,"valueName":"search_term_string"}}],"inLanguage":"en-CA"},{"@type":"Organization","@id":"https:\/\/campingdessommetsbromont.com\/en\/#organization","name":"Camping des Sommets Bromont","url":"https:\/\/campingdessommetsbromont.com\/en\/","logo":{"@type":"ImageObject","inLanguage":"en-CA","@id":"https:\/\/campingdessommetsbromont.com\/en\/#\/schema\/logo\/image\/","url":"https:\/\/campingdessommetsbromont.com\/wp-content\/uploads\/Logo_CampingDesSommets_rect.svg","contentUrl":"https:\/\/campingdessommetsbromont.com\/wp-content\/uploads\/Logo_CampingDesSommets_rect.svg","width":351,"height":136,"caption":"Camping des Sommets Bromont"},"image":{"@id":"https:\/\/campingdessommetsbromont.com\/en\/#\/schema\/logo\/image\/"},"sameAs":["https:\/\/www.facebook.com\/CampingSommetsBromont"]}]}},"_links":{"self":[{"href":"https:\/\/campingdessommetsbromont.com\/en\/wp-json\/wp\/v2\/pages\/2123","targetHints":{"allow":["GET"]}}],"collection":[{"href":"https:\/\/campingdessommetsbromont.com\/en\/wp-json\/wp\/v2\/pages"}],"about":[{"href":"https:\/\/campingdessommetsbromont.com\/en\/wp-json\/wp\/v2\/types\/page"}],"author":[{"embeddable":true,"href":"https:\/\/campingdessommetsbromont.com\/en\/wp-json\/wp\/v2\/users\/1"}],"replies":[{"embeddable":true,"href":"https:\/\/campingdessommetsbromont.com\/en\/wp-json\/wp\/v2\/comments?post=2123"}],"version-history":[{"count":3,"href":"https:\/\/campingdessommetsbromont.com\/en\/wp-json\/wp\/v2\/pages\/2123\/revisions"}],"predecessor-version":[{"id":3738,"href":"https:\/\/campingdessommetsbromont.com\/en\/wp-json\/wp\/v2\/pages\/2123\/revisions\/3738"}],"wp:featuredmedia":[{"embeddable":true,"href":"https:\/\/campingdessommetsbromont.com\/en\/wp-json\/wp\/v2\/media\/2057"}],"wp:attachment":[{"href":"https:\/\/campingdessommetsbromont.com\/en\/wp-json\/wp\/v2\/media?parent=2123"}],"curies":[{"name":"wp","href":"https:\/\/api.w.org\/{rel}","templated":true}]}}