{"id":2218,"date":"2022-09-23T11:10:50","date_gmt":"2022-09-23T15:10:50","guid":{"rendered":"https:\/\/campingdessommetsbromont.com\/photos\/"},"modified":"2025-06-12T13:17:45","modified_gmt":"2025-06-12T17:17:45","slug":"photos","status":"publish","type":"page","link":"https:\/\/campingdessommetsbromont.com\/en\/photos\/","title":{"rendered":"Photos"},"content":{"rendered":"<section class=\"l-section wpb_row height_custom width_full\"><div class=\"l-section-h i-cf\"><div class=\"g-cols vc_row via_grid cols_1 laptops-cols_inherit tablets-cols_inherit mobiles-cols_1 valign_top type_default stacking_default\"><div class=\"wpb_column vc_column_container\"><div class=\"vc_column-inner\"><div class=\"wpb_text_column hide_on_default hide_on_laptops hide_on_tablets hide_on_mobiles\"><div class=\"wpb_wrapper\"><h1 style=\"text-align: center;\">Photos<\/h1>\n<\/div><\/div><div class=\"w-grid us_grid with_filters type_grid layout_1201 cols_4 pagination_ajax overflow_hidden preload_style_spinner\" id=\"us_grid_1\" style=\"--columns:4;--gap:0.25rem;\"><style>@media (max-width:1450px){#us_grid_1{--columns:3!important}}@media (max-width:1024px){#us_grid_1{--columns:2!important}}@media (max-width:600px){#us_grid_1{--columns:1!important}}.layout_1201 .w-grid-item-h{border-radius:0rem}<\/style><div class=\"g-filters style_2 align_center\"><button class=\"g-filters-item active\" data-taxonomy=\"play\" data-amount=\"14\"><span>Play<\/span><span class=\"g-filters-item-amount\">14<\/span><\/button><button class=\"g-filters-item\" data-taxonomy=\"discover\" data-amount=\"41\"><span>Discover<\/span><span class=\"g-filters-item-amount\">41<\/span><\/button><button class=\"g-filters-item\" data-taxonomy=\"swim\" data-amount=\"16\"><span>Swim<\/span><span class=\"g-filters-item-amount\">16<\/span><\/button><button class=\"g-filters-item\" data-taxonomy=\"embrace\" data-amount=\"13\"><span>Embrace<\/span><span class=\"g-filters-item-amount\">13<\/span><\/button><button class=\"g-filters-item\" data-taxonomy=\"live\" data-amount=\"22\"><span>Live<\/span><span class=\"g-filters-item-amount\">22<\/span><\/button><\/div><div class=\"w-grid-list\" data-filter_taxonomy_name=\"us_media_category\" data-filter_default_taxonomies=\"play\">\t<article class=\"w-grid-item size_1x1 post-3533 attachment type-attachment status-inherit hentry us_media_category-play\" data-id=\"3533\">\r\n\t\t<div class=\"w-grid-item-h\">\r\n\t\t\t\t\t\t\t<a ref=\"magnificPopupGrid\" href=\"https:\/\/campingdessommetsbromont.com\/wp-content\/uploads\/MEL_0931-scaled-e1749579277263.jpg\" class=\"w-grid-item-anchor\" aria-label=\"Volleyball\"><\/a>\r\n\t\t\t\t\t\t<div class=\"w-post-elm post_image usg_post_image_1 stretched\"><img decoding=\"async\" width=\"700\" height=\"500\" src=\"https:\/\/campingdessommetsbromont.com\/wp-content\/uploads\/MEL_0931-scaled-e1749579277263-700x500.jpg\" class=\"attachment-us_700_500_crop size-us_700_500_crop\" alt=\"\" \/><\/div>\t\t<\/div>\r\n\t\t\t<\/article>\r\n\t<article class=\"w-grid-item size_1x1 post-3537 attachment type-attachment status-inherit hentry us_media_category-play\" data-id=\"3537\">\r\n\t\t<div class=\"w-grid-item-h\">\r\n\t\t\t\t\t\t\t<a ref=\"magnificPopupGrid\" href=\"https:\/\/campingdessommetsbromont.com\/wp-content\/uploads\/MEL_1062-scaled.jpg\" class=\"w-grid-item-anchor\" aria-label=\"Evoto\"><\/a>\r\n\t\t\t\t\t\t<div class=\"w-post-elm post_image usg_post_image_1 stretched\"><img decoding=\"async\" width=\"700\" height=\"500\" src=\"https:\/\/campingdessommetsbromont.com\/wp-content\/uploads\/MEL_1062-700x500.jpg\" class=\"attachment-us_700_500_crop size-us_700_500_crop\" alt=\"\" \/><\/div>\t\t<\/div>\r\n\t\t\t<\/article>\r\n\t<article class=\"w-grid-item size_1x1 post-3539 attachment type-attachment status-inherit hentry us_media_category-play\" data-id=\"3539\">\r\n\t\t<div class=\"w-grid-item-h\">\r\n\t\t\t\t\t\t\t<a ref=\"magnificPopupGrid\" href=\"https:\/\/campingdessommetsbromont.com\/wp-content\/uploads\/MEL_1054-scaled.jpg\" class=\"w-grid-item-anchor\" aria-label=\"Evoto\"><\/a>\r\n\t\t\t\t\t\t<div class=\"w-post-elm post_image usg_post_image_1 stretched\"><img decoding=\"async\" width=\"700\" height=\"500\" src=\"https:\/\/campingdessommetsbromont.com\/wp-content\/uploads\/MEL_1054-700x500.jpg\" class=\"attachment-us_700_500_crop size-us_700_500_crop\" alt=\"\" \/><\/div>\t\t<\/div>\r\n\t\t\t<\/article>\r\n\t<article class=\"w-grid-item size_1x1 post-3555 attachment type-attachment status-inherit hentry us_media_category-play\" data-id=\"3555\">\r\n\t\t<div class=\"w-grid-item-h\">\r\n\t\t\t\t\t\t\t<a ref=\"magnificPopupGrid\" href=\"https:\/\/campingdessommetsbromont.com\/wp-content\/uploads\/MEL_2024-scaled.jpg\" class=\"w-grid-item-anchor\" aria-label=\"Evoto\"><\/a>\r\n\t\t\t\t\t\t<div class=\"w-post-elm post_image usg_post_image_1 stretched\"><img decoding=\"async\" width=\"700\" height=\"500\" src=\"https:\/\/campingdessommetsbromont.com\/wp-content\/uploads\/MEL_2024-700x500.jpg\" class=\"attachment-us_700_500_crop size-us_700_500_crop\" alt=\"\" \/><\/div>\t\t<\/div>\r\n\t\t\t<\/article>\r\n\t<article class=\"w-grid-item size_1x1 post-3573 attachment type-attachment status-inherit hentry us_media_category-play\" data-id=\"3573\">\r\n\t\t<div class=\"w-grid-item-h\">\r\n\t\t\t\t\t\t\t<a ref=\"magnificPopupGrid\" href=\"https:\/\/campingdessommetsbromont.com\/wp-content\/uploads\/ML2_8840-scaled.jpg\" class=\"w-grid-item-anchor\" aria-label=\"Evoto\"><\/a>\r\n\t\t\t\t\t\t<div class=\"w-post-elm post_image usg_post_image_1 stretched\"><img decoding=\"async\" width=\"700\" height=\"500\" src=\"https:\/\/campingdessommetsbromont.com\/wp-content\/uploads\/ML2_8840-700x500.jpg\" class=\"attachment-us_700_500_crop size-us_700_500_crop\" alt=\"\" \/><\/div>\t\t<\/div>\r\n\t\t\t<\/article>\r\n\t<article class=\"w-grid-item size_1x1 post-3581 attachment type-attachment status-inherit hentry us_media_category-play\" data-id=\"3581\">\r\n\t\t<div class=\"w-grid-item-h\">\r\n\t\t\t\t\t\t\t<a ref=\"magnificPopupGrid\" href=\"https:\/\/campingdessommetsbromont.com\/wp-content\/uploads\/MEL_1014-scaled.jpg\" class=\"w-grid-item-anchor\" aria-label=\"Evoto\"><\/a>\r\n\t\t\t\t\t\t<div class=\"w-post-elm post_image usg_post_image_1 stretched\"><img decoding=\"async\" width=\"700\" height=\"500\" src=\"https:\/\/campingdessommetsbromont.com\/wp-content\/uploads\/MEL_1014-700x500.jpg\" class=\"attachment-us_700_500_crop size-us_700_500_crop\" alt=\"\" \/><\/div>\t\t<\/div>\r\n\t\t\t<\/article>\r\n\t<article class=\"w-grid-item size_1x1 post-2005 attachment type-attachment status-inherit hentry us_media_category-play\" data-id=\"2005\">\r\n\t\t<div class=\"w-grid-item-h\">\r\n\t\t\t\t\t\t\t<a ref=\"magnificPopupGrid\" href=\"https:\/\/campingdessommetsbromont.com\/wp-content\/uploads\/parc-inspiration-1.jpg\" class=\"w-grid-item-anchor\" aria-label=\"Billot-parc\"><\/a>\r\n\t\t\t\t\t\t<div class=\"w-post-elm post_image usg_post_image_1 stretched\"><img decoding=\"async\" width=\"700\" height=\"500\" src=\"https:\/\/campingdessommetsbromont.com\/wp-content\/uploads\/parc-inspiration-1-700x500.jpg\" class=\"attachment-us_700_500_crop size-us_700_500_crop\" alt=\"\" \/><\/div>\t\t<\/div>\r\n\t\t\t<\/article>\r\n\t<article class=\"w-grid-item size_1x1 post-2000 attachment type-attachment status-inherit hentry us_media_category-play\" data-id=\"2000\">\r\n\t\t<div class=\"w-grid-item-h\">\r\n\t\t\t\t\t\t\t<a ref=\"magnificPopupGrid\" href=\"https:\/\/campingdessommetsbromont.com\/wp-content\/uploads\/billot-parc.jpg\" class=\"w-grid-item-anchor\" aria-label=\"Billot-Parc\"><\/a>\r\n\t\t\t\t\t\t<div class=\"w-post-elm post_image usg_post_image_1 stretched\"><img decoding=\"async\" width=\"700\" height=\"500\" src=\"https:\/\/campingdessommetsbromont.com\/wp-content\/uploads\/billot-parc-700x500.jpg\" class=\"attachment-us_700_500_crop size-us_700_500_crop\" alt=\"\" \/><\/div>\t\t<\/div>\r\n\t\t\t<\/article>\r\n\t<article class=\"w-grid-item size_1x1 post-2004 attachment type-attachment status-inherit hentry us_media_category-play\" data-id=\"2004\">\r\n\t\t<div class=\"w-grid-item-h\">\r\n\t\t\t\t\t\t\t<a ref=\"magnificPopupGrid\" href=\"https:\/\/campingdessommetsbromont.com\/wp-content\/uploads\/module-de-jeux-scaled.jpg\" class=\"w-grid-item-anchor\" aria-label=\"module de jeux\"><\/a>\r\n\t\t\t\t\t\t<div class=\"w-post-elm post_image usg_post_image_1 stretched\"><img decoding=\"async\" width=\"700\" height=\"500\" src=\"https:\/\/campingdessommetsbromont.com\/wp-content\/uploads\/module-de-jeux-scaled-700x500.jpg\" class=\"attachment-us_700_500_crop size-us_700_500_crop\" alt=\"\" \/><\/div>\t\t<\/div>\r\n\t\t\t<\/article>\r\n\t<article class=\"w-grid-item size_1x1 post-1999 attachment type-attachment status-inherit hentry us_media_category-play\" data-id=\"1999\">\r\n\t\t<div class=\"w-grid-item-h\">\r\n\t\t\t\t\t\t\t<a ref=\"magnificPopupGrid\" href=\"https:\/\/campingdessommetsbromont.com\/wp-content\/uploads\/chilling-spot-ado.jpg\" class=\"w-grid-item-anchor\" aria-label=\"chilling spot ado\"><\/a>\r\n\t\t\t\t\t\t<div class=\"w-post-elm post_image usg_post_image_1 stretched\"><img decoding=\"async\" width=\"700\" height=\"500\" src=\"https:\/\/campingdessommetsbromont.com\/wp-content\/uploads\/chilling-spot-ado-700x500.jpg\" class=\"attachment-us_700_500_crop size-us_700_500_crop\" alt=\"\" \/><\/div>\t\t<\/div>\r\n\t\t\t<\/article>\r\n\t<article class=\"w-grid-item size_1x1 post-1998 attachment type-attachment status-inherit hentry us_media_category-play\" data-id=\"1998\">\r\n\t\t<div class=\"w-grid-item-h\">\r\n\t\t\t\t\t\t\t<a ref=\"magnificPopupGrid\" href=\"https:\/\/campingdessommetsbromont.com\/wp-content\/uploads\/Billot-parc-scandinave.jpg\" class=\"w-grid-item-anchor\" aria-label=\"Billot-Parc\"><\/a>\r\n\t\t\t\t\t\t<div class=\"w-post-elm post_image usg_post_image_1 stretched\"><img decoding=\"async\" width=\"700\" height=\"500\" src=\"https:\/\/campingdessommetsbromont.com\/wp-content\/uploads\/Billot-parc-scandinave-700x500.jpg\" class=\"attachment-us_700_500_crop size-us_700_500_crop\" alt=\"\" \/><\/div>\t\t<\/div>\r\n\t\t\t<\/article>\r\n\t<article class=\"w-grid-item size_1x1 post-1997 attachment type-attachment status-inherit hentry us_media_category-play\" data-id=\"1997\">\r\n\t\t<div class=\"w-grid-item-h\">\r\n\t\t\t\t\t\t\t<a ref=\"magnificPopupGrid\" href=\"https:\/\/campingdessommetsbromont.com\/wp-content\/uploads\/aire-de-jeux-3-scaled.jpg\" class=\"w-grid-item-anchor\" aria-label=\"Billot-Parc\"><\/a>\r\n\t\t\t\t\t\t<div class=\"w-post-elm post_image usg_post_image_1 stretched\"><img decoding=\"async\" width=\"700\" height=\"500\" src=\"https:\/\/campingdessommetsbromont.com\/wp-content\/uploads\/aire-de-jeux-3-scaled-700x500.jpg\" class=\"attachment-us_700_500_crop size-us_700_500_crop\" alt=\"\" \/><\/div>\t\t<\/div>\r\n\t\t\t<\/article>\r\n\t<article class=\"w-grid-item size_1x1 post-1996 attachment type-attachment status-inherit hentry us_media_category-play\" data-id=\"1996\">\r\n\t\t<div class=\"w-grid-item-h\">\r\n\t\t\t\t\t\t\t<a ref=\"magnificPopupGrid\" href=\"https:\/\/campingdessommetsbromont.com\/wp-content\/uploads\/aire-de-jeux-2.jpg\" class=\"w-grid-item-anchor\" aria-label=\"Billot-Parc\"><\/a>\r\n\t\t\t\t\t\t<div class=\"w-post-elm post_image usg_post_image_1 stretched\"><img decoding=\"async\" width=\"700\" height=\"500\" src=\"https:\/\/campingdessommetsbromont.com\/wp-content\/uploads\/aire-de-jeux-2-700x500.jpg\" class=\"attachment-us_700_500_crop size-us_700_500_crop\" alt=\"\" \/><\/div>\t\t<\/div>\r\n\t\t\t<\/article>\r\n\t<article class=\"w-grid-item size_1x1 post-1995 attachment type-attachment status-inherit hentry us_media_category-play\" data-id=\"1995\">\r\n\t\t<div class=\"w-grid-item-h\">\r\n\t\t\t\t\t\t\t<a ref=\"magnificPopupGrid\" href=\"https:\/\/campingdessommetsbromont.com\/wp-content\/uploads\/aire-de-jeux.jpg\" class=\"w-grid-item-anchor\" aria-label=\"Billot-Parc\"><\/a>\r\n\t\t\t\t\t\t<div class=\"w-post-elm post_image usg_post_image_1 stretched\"><img decoding=\"async\" width=\"700\" height=\"500\" src=\"https:\/\/campingdessommetsbromont.com\/wp-content\/uploads\/aire-de-jeux-700x500.jpg\" class=\"attachment-us_700_500_crop size-us_700_500_crop\" alt=\"\" \/><\/div>\t\t<\/div>\r\n\t\t\t<\/article>\r\n<\/div>\t<div class=\"w-grid-preloader\">\r\n\t\t<div class=\"g-preloader type_1\">\r\n\t\t\t<div><\/div>\r\n\t\t<\/div>\r\n\t<\/div>\r\n\t\t<div class=\"w-grid-json hidden\" onclick='return {&quot;action&quot;:&quot;us_ajax_grid&quot;,&quot;infinite_scroll&quot;:0,&quot;max_num_pages&quot;:1,&quot;pagination&quot;:&quot;ajax&quot;,&quot;template_vars&quot;:{&quot;columns&quot;:&quot;4&quot;,&quot;exclude_items&quot;:&quot;none&quot;,&quot;img_size&quot;:&quot;default&quot;,&quot;ignore_items_size&quot;:0,&quot;items_layout&quot;:&quot;1201&quot;,&quot;items_offset&quot;:&quot;1&quot;,&quot;load_animation&quot;:&quot;none&quot;,&quot;overriding_link&quot;:&quot;%7B%22type%22%3A%22popup_image%22%7D&quot;,&quot;post_id&quot;:0,&quot;query_args&quot;:{&quot;post_type&quot;:[&quot;attachment&quot;],&quot;tax_query&quot;:[{&quot;taxonomy&quot;:&quot;us_media_category&quot;,&quot;field&quot;:&quot;slug&quot;,&quot;terms&quot;:&quot;play&quot;}],&quot;post_status&quot;:&quot;inherit&quot;,&quot;post_mime_type&quot;:&quot;image&quot;,&quot;posts_per_page&quot;:&quot;48&quot;},&quot;orderby_query_args&quot;:{&quot;orderby&quot;:{&quot;post__in&quot;:&quot;ASC&quot;},&quot;order&quot;:&quot;ASC&quot;},&quot;type&quot;:&quot;grid&quot;,&quot;us_grid_post_type&quot;:&quot;attachment&quot;,&quot;us_grid_ajax_index&quot;:1,&quot;us_grid_filter_query_string&quot;:null,&quot;us_grid_index&quot;:1,&quot;page_args&quot;:[],&quot;lang&quot;:&quot;en&quot;}}'><\/div>\r\n\t<\/div><\/div><\/div><\/div><\/div><\/section>\n","protected":false},"excerpt":{"rendered":"","protected":false},"author":1,"featured_media":0,"parent":0,"menu_order":0,"comment_status":"closed","ping_status":"closed","template":"","meta":{"footnotes":""},"class_list":["post-2218","page","type-page","status-publish","hentry"],"yoast_head":"<!-- This site is optimized with the Yoast SEO plugin v27.3 - https:\/\/yoast.com\/product\/yoast-seo-wordpress\/ -->\n<title>Photos - Camping des Sommets Bromont<\/title>\n<meta name=\"description\" content=\"Terrains de camping pour voyageurs, saisonniers et cabines pr\u00eat-\u00e0-camper. Situ\u00e9 \u00e0 Bromont, l&#039;ndroit id\u00e9al pour profiter des activit\u00e9s ax\u00e9es sur le plein air.\" \/>\n<meta name=\"robots\" content=\"index, follow, max-snippet:-1, max-image-preview:large, max-video-preview:-1\" \/>\n<link rel=\"canonical\" href=\"https:\/\/campingdessommetsbromont.com\/en\/photos\/\" \/>\n<meta property=\"og:locale\" content=\"en_US\" \/>\n<meta property=\"og:type\" content=\"article\" \/>\n<meta property=\"og:title\" content=\"Photos - Camping des Sommets Bromont\" \/>\n<meta property=\"og:description\" content=\"Terrains de camping pour voyageurs, saisonniers et cabines pr\u00eat-\u00e0-camper. Situ\u00e9 \u00e0 Bromont, l&#039;ndroit id\u00e9al pour profiter des activit\u00e9s ax\u00e9es sur le plein air.\" \/>\n<meta property=\"og:url\" content=\"https:\/\/campingdessommetsbromont.com\/en\/photos\/\" \/>\n<meta property=\"og:site_name\" content=\"Camping des Sommets Bromont\" \/>\n<meta property=\"article:publisher\" content=\"https:\/\/www.facebook.com\/CampingSommetsBromont\" \/>\n<meta property=\"article:modified_time\" content=\"2025-06-12T17:17:45+00:00\" \/>\n<meta property=\"og:image\" content=\"https:\/\/campingdessommetsbromont.com\/wp-content\/uploads\/og-facebook-1200.jpg\" \/>\n\t<meta property=\"og:image:width\" content=\"1200\" \/>\n\t<meta property=\"og:image:height\" content=\"630\" \/>\n\t<meta property=\"og:image:type\" content=\"image\/jpeg\" \/>\n<meta name=\"twitter:card\" content=\"summary_large_image\" \/>\n<script type=\"application\/ld+json\" class=\"yoast-schema-graph\">{\"@context\":\"https:\\\/\\\/schema.org\",\"@graph\":[{\"@type\":\"WebPage\",\"@id\":\"https:\\\/\\\/campingdessommetsbromont.com\\\/en\\\/photos\\\/\",\"url\":\"https:\\\/\\\/campingdessommetsbromont.com\\\/en\\\/photos\\\/\",\"name\":\"Photos - Camping des Sommets Bromont\",\"isPartOf\":{\"@id\":\"https:\\\/\\\/campingdessommetsbromont.com\\\/en\\\/#website\"},\"datePublished\":\"2022-09-23T15:10:50+00:00\",\"dateModified\":\"2025-06-12T17:17:45+00:00\",\"description\":\"Terrains de camping pour voyageurs, saisonniers et cabines pr\u00eat-\u00e0-camper. Situ\u00e9 \u00e0 Bromont, l'ndroit id\u00e9al pour profiter des activit\u00e9s ax\u00e9es sur le plein air.\",\"breadcrumb\":{\"@id\":\"https:\\\/\\\/campingdessommetsbromont.com\\\/en\\\/photos\\\/#breadcrumb\"},\"inLanguage\":\"en-CA\",\"potentialAction\":[{\"@type\":\"ReadAction\",\"target\":[\"https:\\\/\\\/campingdessommetsbromont.com\\\/en\\\/photos\\\/\"]}]},{\"@type\":\"BreadcrumbList\",\"@id\":\"https:\\\/\\\/campingdessommetsbromont.com\\\/en\\\/photos\\\/#breadcrumb\",\"itemListElement\":[{\"@type\":\"ListItem\",\"position\":1,\"name\":\"Accueil\",\"item\":\"https:\\\/\\\/campingdessommetsbromont.com\\\/en\\\/home\\\/\"},{\"@type\":\"ListItem\",\"position\":2,\"name\":\"Photos\"}]},{\"@type\":\"WebSite\",\"@id\":\"https:\\\/\\\/campingdessommetsbromont.com\\\/en\\\/#website\",\"url\":\"https:\\\/\\\/campingdessommetsbromont.com\\\/en\\\/\",\"name\":\"Camping des Sommets Bromont\",\"description\":\"Camping situ\u00e9 \u00e0 Bromont dans les Cantons-de-l&#039;Est\",\"publisher\":{\"@id\":\"https:\\\/\\\/campingdessommetsbromont.com\\\/en\\\/#organization\"},\"potentialAction\":[{\"@type\":\"SearchAction\",\"target\":{\"@type\":\"EntryPoint\",\"urlTemplate\":\"https:\\\/\\\/campingdessommetsbromont.com\\\/en\\\/?s={search_term_string}\"},\"query-input\":{\"@type\":\"PropertyValueSpecification\",\"valueRequired\":true,\"valueName\":\"search_term_string\"}}],\"inLanguage\":\"en-CA\"},{\"@type\":\"Organization\",\"@id\":\"https:\\\/\\\/campingdessommetsbromont.com\\\/en\\\/#organization\",\"name\":\"Camping des Sommets Bromont\",\"url\":\"https:\\\/\\\/campingdessommetsbromont.com\\\/en\\\/\",\"logo\":{\"@type\":\"ImageObject\",\"inLanguage\":\"en-CA\",\"@id\":\"https:\\\/\\\/campingdessommetsbromont.com\\\/en\\\/#\\\/schema\\\/logo\\\/image\\\/\",\"url\":\"https:\\\/\\\/campingdessommetsbromont.com\\\/wp-content\\\/uploads\\\/Logo_CampingDesSommets_rect.svg\",\"contentUrl\":\"https:\\\/\\\/campingdessommetsbromont.com\\\/wp-content\\\/uploads\\\/Logo_CampingDesSommets_rect.svg\",\"width\":351,\"height\":136,\"caption\":\"Camping des Sommets Bromont\"},\"image\":{\"@id\":\"https:\\\/\\\/campingdessommetsbromont.com\\\/en\\\/#\\\/schema\\\/logo\\\/image\\\/\"},\"sameAs\":[\"https:\\\/\\\/www.facebook.com\\\/CampingSommetsBromont\"]}]}<\/script>\n<!-- \/ Yoast SEO plugin. -->","yoast_head_json":{"title":"Photos - Camping des Sommets Bromont","description":"Terrains de camping pour voyageurs, saisonniers et cabines pr\u00eat-\u00e0-camper. Situ\u00e9 \u00e0 Bromont, l'ndroit id\u00e9al pour profiter des activit\u00e9s ax\u00e9es sur le plein air.","robots":{"index":"index","follow":"follow","max-snippet":"max-snippet:-1","max-image-preview":"max-image-preview:large","max-video-preview":"max-video-preview:-1"},"canonical":"https:\/\/campingdessommetsbromont.com\/en\/photos\/","og_locale":"en_US","og_type":"article","og_title":"Photos - Camping des Sommets Bromont","og_description":"Terrains de camping pour voyageurs, saisonniers et cabines pr\u00eat-\u00e0-camper. Situ\u00e9 \u00e0 Bromont, l'ndroit id\u00e9al pour profiter des activit\u00e9s ax\u00e9es sur le plein air.","og_url":"https:\/\/campingdessommetsbromont.com\/en\/photos\/","og_site_name":"Camping des Sommets Bromont","article_publisher":"https:\/\/www.facebook.com\/CampingSommetsBromont","article_modified_time":"2025-06-12T17:17:45+00:00","og_image":[{"width":1200,"height":630,"url":"https:\/\/campingdessommetsbromont.com\/wp-content\/uploads\/og-facebook-1200.jpg","type":"image\/jpeg"}],"twitter_card":"summary_large_image","schema":{"@context":"https:\/\/schema.org","@graph":[{"@type":"WebPage","@id":"https:\/\/campingdessommetsbromont.com\/en\/photos\/","url":"https:\/\/campingdessommetsbromont.com\/en\/photos\/","name":"Photos - Camping des Sommets Bromont","isPartOf":{"@id":"https:\/\/campingdessommetsbromont.com\/en\/#website"},"datePublished":"2022-09-23T15:10:50+00:00","dateModified":"2025-06-12T17:17:45+00:00","description":"Terrains de camping pour voyageurs, saisonniers et cabines pr\u00eat-\u00e0-camper. Situ\u00e9 \u00e0 Bromont, l'ndroit id\u00e9al pour profiter des activit\u00e9s ax\u00e9es sur le plein air.","breadcrumb":{"@id":"https:\/\/campingdessommetsbromont.com\/en\/photos\/#breadcrumb"},"inLanguage":"en-CA","potentialAction":[{"@type":"ReadAction","target":["https:\/\/campingdessommetsbromont.com\/en\/photos\/"]}]},{"@type":"BreadcrumbList","@id":"https:\/\/campingdessommetsbromont.com\/en\/photos\/#breadcrumb","itemListElement":[{"@type":"ListItem","position":1,"name":"Accueil","item":"https:\/\/campingdessommetsbromont.com\/en\/home\/"},{"@type":"ListItem","position":2,"name":"Photos"}]},{"@type":"WebSite","@id":"https:\/\/campingdessommetsbromont.com\/en\/#website","url":"https:\/\/campingdessommetsbromont.com\/en\/","name":"Camping des Sommets Bromont","description":"Camping situ\u00e9 \u00e0 Bromont dans les Cantons-de-l&#039;Est","publisher":{"@id":"https:\/\/campingdessommetsbromont.com\/en\/#organization"},"potentialAction":[{"@type":"SearchAction","target":{"@type":"EntryPoint","urlTemplate":"https:\/\/campingdessommetsbromont.com\/en\/?s={search_term_string}"},"query-input":{"@type":"PropertyValueSpecification","valueRequired":true,"valueName":"search_term_string"}}],"inLanguage":"en-CA"},{"@type":"Organization","@id":"https:\/\/campingdessommetsbromont.com\/en\/#organization","name":"Camping des Sommets Bromont","url":"https:\/\/campingdessommetsbromont.com\/en\/","logo":{"@type":"ImageObject","inLanguage":"en-CA","@id":"https:\/\/campingdessommetsbromont.com\/en\/#\/schema\/logo\/image\/","url":"https:\/\/campingdessommetsbromont.com\/wp-content\/uploads\/Logo_CampingDesSommets_rect.svg","contentUrl":"https:\/\/campingdessommetsbromont.com\/wp-content\/uploads\/Logo_CampingDesSommets_rect.svg","width":351,"height":136,"caption":"Camping des Sommets Bromont"},"image":{"@id":"https:\/\/campingdessommetsbromont.com\/en\/#\/schema\/logo\/image\/"},"sameAs":["https:\/\/www.facebook.com\/CampingSommetsBromont"]}]}},"_links":{"self":[{"href":"https:\/\/campingdessommetsbromont.com\/en\/wp-json\/wp\/v2\/pages\/2218","targetHints":{"allow":["GET"]}}],"collection":[{"href":"https:\/\/campingdessommetsbromont.com\/en\/wp-json\/wp\/v2\/pages"}],"about":[{"href":"https:\/\/campingdessommetsbromont.com\/en\/wp-json\/wp\/v2\/types\/page"}],"author":[{"embeddable":true,"href":"https:\/\/campingdessommetsbromont.com\/en\/wp-json\/wp\/v2\/users\/1"}],"replies":[{"embeddable":true,"href":"https:\/\/campingdessommetsbromont.com\/en\/wp-json\/wp\/v2\/comments?post=2218"}],"version-history":[{"count":0,"href":"https:\/\/campingdessommetsbromont.com\/en\/wp-json\/wp\/v2\/pages\/2218\/revisions"}],"wp:attachment":[{"href":"https:\/\/campingdessommetsbromont.com\/en\/wp-json\/wp\/v2\/media?parent=2218"}],"curies":[{"name":"wp","href":"https:\/\/api.w.org\/{rel}","templated":true}]}}