{"id":2444,"date":"2022-12-07T08:22:36","date_gmt":"2022-12-07T13:22:36","guid":{"rendered":"https:\/\/campingdessommetsbromont.com\/map\/"},"modified":"2022-12-07T08:23:28","modified_gmt":"2022-12-07T13:23:28","slug":"map","status":"publish","type":"page","link":"https:\/\/campingdessommetsbromont.com\/en\/map\/","title":{"rendered":"Map"},"content":{"rendered":"<section class=\"l-section wpb_row us_custom_eb849559 height_custom\"><div class=\"l-section-h i-cf\"><div class=\"g-cols vc_row via_grid cols_1 laptops-cols_inherit tablets-cols_inherit mobiles-cols_1 valign_top type_default stacking_default\"><div class=\"wpb_column vc_column_container\"><div class=\"vc_column-inner\"><div class=\"w-image align_center\"><a ref=\"magnificPopup\" href=\"https:\/\/campingdessommetsbromont.com\/wp-content\/uploads\/plan-site-camping-des-sommets-bromont.jpg\" aria-label=\"plan-site-camping-des-sommets-bromont\" class=\"w-image-h\"><img decoding=\"async\" width=\"1176\" height=\"909\" src=\"https:\/\/campingdessommetsbromont.com\/wp-content\/uploads\/plan-site-camping-des-sommets-bromont.jpg\" class=\"attachment-full size-full\" alt=\"\" loading=\"lazy\" \/><\/a><\/div><\/div><\/div><\/div><\/div><\/section>\n","protected":false},"excerpt":{"rendered":"","protected":false},"author":1,"featured_media":2062,"parent":0,"menu_order":0,"comment_status":"closed","ping_status":"closed","template":"","meta":{"footnotes":""},"class_list":["post-2444","page","type-page","status-publish","has-post-thumbnail","hentry"],"yoast_head":"<!-- This site is optimized with the Yoast SEO plugin v27.4 - https:\/\/yoast.com\/product\/yoast-seo-wordpress\/ -->\n<title>Map - Camping des Sommets Bromont<\/title>\n<meta name=\"description\" content=\"Terrains de camping pour voyageurs, saisonniers et cabines pr\u00eat-\u00e0-camper. Situ\u00e9 \u00e0 Bromont, l&#039;ndroit id\u00e9al pour profiter des activit\u00e9s ax\u00e9es sur le plein air.\" \/>\n<meta name=\"robots\" content=\"index, follow, max-snippet:-1, max-image-preview:large, max-video-preview:-1\" \/>\n<link rel=\"canonical\" href=\"https:\/\/campingdessommetsbromont.com\/en\/map\/\" \/>\n<meta property=\"og:locale\" content=\"en_US\" \/>\n<meta property=\"og:type\" content=\"article\" \/>\n<meta property=\"og:title\" content=\"Map - Camping des Sommets Bromont\" \/>\n<meta property=\"og:description\" content=\"Terrains de camping pour voyageurs, saisonniers et cabines pr\u00eat-\u00e0-camper. Situ\u00e9 \u00e0 Bromont, l&#039;ndroit id\u00e9al pour profiter des activit\u00e9s ax\u00e9es sur le plein air.\" \/>\n<meta property=\"og:url\" content=\"https:\/\/campingdessommetsbromont.com\/en\/map\/\" \/>\n<meta property=\"og:site_name\" content=\"Camping des Sommets Bromont\" \/>\n<meta property=\"article:publisher\" content=\"https:\/\/www.facebook.com\/CampingSommetsBromont\" \/>\n<meta property=\"article:modified_time\" content=\"2022-12-07T13:23:28+00:00\" \/>\n<meta property=\"og:image\" content=\"https:\/\/campingdessommetsbromont.com\/wp-content\/uploads\/bandeau-lac.jpg\" \/>\n\t<meta property=\"og:image:width\" content=\"1920\" \/>\n\t<meta property=\"og:image:height\" content=\"450\" \/>\n\t<meta property=\"og:image:type\" content=\"image\/jpeg\" \/>\n<meta name=\"twitter:card\" content=\"summary_large_image\" \/>\n<script type=\"application\/ld+json\" class=\"yoast-schema-graph\">{\"@context\":\"https:\\\/\\\/schema.org\",\"@graph\":[{\"@type\":\"WebPage\",\"@id\":\"https:\\\/\\\/campingdessommetsbromont.com\\\/en\\\/map\\\/\",\"url\":\"https:\\\/\\\/campingdessommetsbromont.com\\\/en\\\/map\\\/\",\"name\":\"Map - Camping des Sommets Bromont\",\"isPartOf\":{\"@id\":\"https:\\\/\\\/campingdessommetsbromont.com\\\/en\\\/#website\"},\"primaryImageOfPage\":{\"@id\":\"https:\\\/\\\/campingdessommetsbromont.com\\\/en\\\/map\\\/#primaryimage\"},\"image\":{\"@id\":\"https:\\\/\\\/campingdessommetsbromont.com\\\/en\\\/map\\\/#primaryimage\"},\"thumbnailUrl\":\"https:\\\/\\\/campingdessommetsbromont.com\\\/wp-content\\\/uploads\\\/bandeau-lac.jpg\",\"datePublished\":\"2022-12-07T13:22:36+00:00\",\"dateModified\":\"2022-12-07T13:23:28+00:00\",\"description\":\"Terrains de camping pour voyageurs, saisonniers et cabines pr\u00eat-\u00e0-camper. Situ\u00e9 \u00e0 Bromont, l'ndroit id\u00e9al pour profiter des activit\u00e9s ax\u00e9es sur le plein air.\",\"breadcrumb\":{\"@id\":\"https:\\\/\\\/campingdessommetsbromont.com\\\/en\\\/map\\\/#breadcrumb\"},\"inLanguage\":\"en-CA\",\"potentialAction\":[{\"@type\":\"ReadAction\",\"target\":[\"https:\\\/\\\/campingdessommetsbromont.com\\\/en\\\/map\\\/\"]}]},{\"@type\":\"ImageObject\",\"inLanguage\":\"en-CA\",\"@id\":\"https:\\\/\\\/campingdessommetsbromont.com\\\/en\\\/map\\\/#primaryimage\",\"url\":\"https:\\\/\\\/campingdessommetsbromont.com\\\/wp-content\\\/uploads\\\/bandeau-lac.jpg\",\"contentUrl\":\"https:\\\/\\\/campingdessommetsbromont.com\\\/wp-content\\\/uploads\\\/bandeau-lac.jpg\",\"width\":1920,\"height\":450},{\"@type\":\"BreadcrumbList\",\"@id\":\"https:\\\/\\\/campingdessommetsbromont.com\\\/en\\\/map\\\/#breadcrumb\",\"itemListElement\":[{\"@type\":\"ListItem\",\"position\":1,\"name\":\"Accueil\",\"item\":\"https:\\\/\\\/campingdessommetsbromont.com\\\/en\\\/home\\\/\"},{\"@type\":\"ListItem\",\"position\":2,\"name\":\"Map\"}]},{\"@type\":\"WebSite\",\"@id\":\"https:\\\/\\\/campingdessommetsbromont.com\\\/en\\\/#website\",\"url\":\"https:\\\/\\\/campingdessommetsbromont.com\\\/en\\\/\",\"name\":\"Camping des Sommets Bromont\",\"description\":\"Camping situ\u00e9 \u00e0 Bromont dans les Cantons-de-l&#039;Est\",\"publisher\":{\"@id\":\"https:\\\/\\\/campingdessommetsbromont.com\\\/en\\\/#organization\"},\"potentialAction\":[{\"@type\":\"SearchAction\",\"target\":{\"@type\":\"EntryPoint\",\"urlTemplate\":\"https:\\\/\\\/campingdessommetsbromont.com\\\/en\\\/?s={search_term_string}\"},\"query-input\":{\"@type\":\"PropertyValueSpecification\",\"valueRequired\":true,\"valueName\":\"search_term_string\"}}],\"inLanguage\":\"en-CA\"},{\"@type\":\"Organization\",\"@id\":\"https:\\\/\\\/campingdessommetsbromont.com\\\/en\\\/#organization\",\"name\":\"Camping des Sommets Bromont\",\"url\":\"https:\\\/\\\/campingdessommetsbromont.com\\\/en\\\/\",\"logo\":{\"@type\":\"ImageObject\",\"inLanguage\":\"en-CA\",\"@id\":\"https:\\\/\\\/campingdessommetsbromont.com\\\/en\\\/#\\\/schema\\\/logo\\\/image\\\/\",\"url\":\"https:\\\/\\\/campingdessommetsbromont.com\\\/wp-content\\\/uploads\\\/Logo_CampingDesSommets_rect.svg\",\"contentUrl\":\"https:\\\/\\\/campingdessommetsbromont.com\\\/wp-content\\\/uploads\\\/Logo_CampingDesSommets_rect.svg\",\"width\":351,\"height\":136,\"caption\":\"Camping des Sommets Bromont\"},\"image\":{\"@id\":\"https:\\\/\\\/campingdessommetsbromont.com\\\/en\\\/#\\\/schema\\\/logo\\\/image\\\/\"},\"sameAs\":[\"https:\\\/\\\/www.facebook.com\\\/CampingSommetsBromont\"]}]}<\/script>\n<!-- \/ Yoast SEO plugin. -->","yoast_head_json":{"title":"Map - Camping des Sommets Bromont","description":"Terrains de camping pour voyageurs, saisonniers et cabines pr\u00eat-\u00e0-camper. Situ\u00e9 \u00e0 Bromont, l'ndroit id\u00e9al pour profiter des activit\u00e9s ax\u00e9es sur le plein air.","robots":{"index":"index","follow":"follow","max-snippet":"max-snippet:-1","max-image-preview":"max-image-preview:large","max-video-preview":"max-video-preview:-1"},"canonical":"https:\/\/campingdessommetsbromont.com\/en\/map\/","og_locale":"en_US","og_type":"article","og_title":"Map - Camping des Sommets Bromont","og_description":"Terrains de camping pour voyageurs, saisonniers et cabines pr\u00eat-\u00e0-camper. Situ\u00e9 \u00e0 Bromont, l'ndroit id\u00e9al pour profiter des activit\u00e9s ax\u00e9es sur le plein air.","og_url":"https:\/\/campingdessommetsbromont.com\/en\/map\/","og_site_name":"Camping des Sommets Bromont","article_publisher":"https:\/\/www.facebook.com\/CampingSommetsBromont","article_modified_time":"2022-12-07T13:23:28+00:00","og_image":[{"width":1920,"height":450,"url":"https:\/\/campingdessommetsbromont.com\/wp-content\/uploads\/bandeau-lac.jpg","type":"image\/jpeg"}],"twitter_card":"summary_large_image","schema":{"@context":"https:\/\/schema.org","@graph":[{"@type":"WebPage","@id":"https:\/\/campingdessommetsbromont.com\/en\/map\/","url":"https:\/\/campingdessommetsbromont.com\/en\/map\/","name":"Map - Camping des Sommets Bromont","isPartOf":{"@id":"https:\/\/campingdessommetsbromont.com\/en\/#website"},"primaryImageOfPage":{"@id":"https:\/\/campingdessommetsbromont.com\/en\/map\/#primaryimage"},"image":{"@id":"https:\/\/campingdessommetsbromont.com\/en\/map\/#primaryimage"},"thumbnailUrl":"https:\/\/campingdessommetsbromont.com\/wp-content\/uploads\/bandeau-lac.jpg","datePublished":"2022-12-07T13:22:36+00:00","dateModified":"2022-12-07T13:23:28+00:00","description":"Terrains de camping pour voyageurs, saisonniers et cabines pr\u00eat-\u00e0-camper. Situ\u00e9 \u00e0 Bromont, l'ndroit id\u00e9al pour profiter des activit\u00e9s ax\u00e9es sur le plein air.","breadcrumb":{"@id":"https:\/\/campingdessommetsbromont.com\/en\/map\/#breadcrumb"},"inLanguage":"en-CA","potentialAction":[{"@type":"ReadAction","target":["https:\/\/campingdessommetsbromont.com\/en\/map\/"]}]},{"@type":"ImageObject","inLanguage":"en-CA","@id":"https:\/\/campingdessommetsbromont.com\/en\/map\/#primaryimage","url":"https:\/\/campingdessommetsbromont.com\/wp-content\/uploads\/bandeau-lac.jpg","contentUrl":"https:\/\/campingdessommetsbromont.com\/wp-content\/uploads\/bandeau-lac.jpg","width":1920,"height":450},{"@type":"BreadcrumbList","@id":"https:\/\/campingdessommetsbromont.com\/en\/map\/#breadcrumb","itemListElement":[{"@type":"ListItem","position":1,"name":"Accueil","item":"https:\/\/campingdessommetsbromont.com\/en\/home\/"},{"@type":"ListItem","position":2,"name":"Map"}]},{"@type":"WebSite","@id":"https:\/\/campingdessommetsbromont.com\/en\/#website","url":"https:\/\/campingdessommetsbromont.com\/en\/","name":"Camping des Sommets Bromont","description":"Camping situ\u00e9 \u00e0 Bromont dans les Cantons-de-l&#039;Est","publisher":{"@id":"https:\/\/campingdessommetsbromont.com\/en\/#organization"},"potentialAction":[{"@type":"SearchAction","target":{"@type":"EntryPoint","urlTemplate":"https:\/\/campingdessommetsbromont.com\/en\/?s={search_term_string}"},"query-input":{"@type":"PropertyValueSpecification","valueRequired":true,"valueName":"search_term_string"}}],"inLanguage":"en-CA"},{"@type":"Organization","@id":"https:\/\/campingdessommetsbromont.com\/en\/#organization","name":"Camping des Sommets Bromont","url":"https:\/\/campingdessommetsbromont.com\/en\/","logo":{"@type":"ImageObject","inLanguage":"en-CA","@id":"https:\/\/campingdessommetsbromont.com\/en\/#\/schema\/logo\/image\/","url":"https:\/\/campingdessommetsbromont.com\/wp-content\/uploads\/Logo_CampingDesSommets_rect.svg","contentUrl":"https:\/\/campingdessommetsbromont.com\/wp-content\/uploads\/Logo_CampingDesSommets_rect.svg","width":351,"height":136,"caption":"Camping des Sommets Bromont"},"image":{"@id":"https:\/\/campingdessommetsbromont.com\/en\/#\/schema\/logo\/image\/"},"sameAs":["https:\/\/www.facebook.com\/CampingSommetsBromont"]}]}},"_links":{"self":[{"href":"https:\/\/campingdessommetsbromont.com\/en\/wp-json\/wp\/v2\/pages\/2444","targetHints":{"allow":["GET"]}}],"collection":[{"href":"https:\/\/campingdessommetsbromont.com\/en\/wp-json\/wp\/v2\/pages"}],"about":[{"href":"https:\/\/campingdessommetsbromont.com\/en\/wp-json\/wp\/v2\/types\/page"}],"author":[{"embeddable":true,"href":"https:\/\/campingdessommetsbromont.com\/en\/wp-json\/wp\/v2\/users\/1"}],"replies":[{"embeddable":true,"href":"https:\/\/campingdessommetsbromont.com\/en\/wp-json\/wp\/v2\/comments?post=2444"}],"version-history":[{"count":0,"href":"https:\/\/campingdessommetsbromont.com\/en\/wp-json\/wp\/v2\/pages\/2444\/revisions"}],"wp:featuredmedia":[{"embeddable":true,"href":"https:\/\/campingdessommetsbromont.com\/en\/wp-json\/wp\/v2\/media\/2062"}],"wp:attachment":[{"href":"https:\/\/campingdessommetsbromont.com\/en\/wp-json\/wp\/v2\/media?parent=2444"}],"curies":[{"name":"wp","href":"https:\/\/api.w.org\/{rel}","templated":true}]}}