{"id":3055,"date":"2023-11-08T13:07:03","date_gmt":"2023-11-08T18:07:03","guid":{"rendered":"https:\/\/campingdessommetsbromont.com\/?page_id=3055"},"modified":"2023-11-08T15:03:59","modified_gmt":"2023-11-08T20:03:59","slug":"privacy-policy","status":"publish","type":"page","link":"https:\/\/campingdessommetsbromont.com\/en\/privacy-policy\/","title":{"rendered":"Privacy policy"},"content":{"rendered":"<section class=\"l-section wpb_row height_custom\"><div class=\"l-section-h i-cf\"><div class=\"g-cols vc_row via_grid cols_1 laptops-cols_inherit tablets-cols_inherit mobiles-cols_1 valign_top type_default stacking_default\"><div class=\"wpb_column vc_column_container\"><div class=\"vc_column-inner\"><h1 class=\"w-post-elm post_title entry-title color_link_inherit\">Privacy policy<\/h1><div class=\"wpb_text_column\"><div class=\"wpb_wrapper\"><p><a href=\"https:\/\/campingdessommetsbromont.com\/politique-de-confidentialite\/\">Available in French only<\/a><\/p>\n<\/div><\/div><\/div><\/div><\/div><\/div><\/section>\n","protected":false},"excerpt":{"rendered":"Privacy policyAvailable in French only","protected":false},"author":1,"featured_media":0,"parent":0,"menu_order":0,"comment_status":"closed","ping_status":"closed","template":"","meta":{"footnotes":""},"class_list":["post-3055","page","type-page","status-publish","hentry"],"yoast_head":"<!-- This site is optimized with the Yoast SEO plugin v27.4 - https:\/\/yoast.com\/product\/yoast-seo-wordpress\/ -->\n<title>Privacy policy - Camping des Sommets Bromont<\/title>\n<meta name=\"description\" content=\"Terrains de camping pour voyageurs, saisonniers et cabines pr\u00eat-\u00e0-camper. Situ\u00e9 \u00e0 Bromont, l&#039;ndroit id\u00e9al pour profiter des activit\u00e9s ax\u00e9es sur le plein air.\" \/>\n<meta name=\"robots\" content=\"index, follow, max-snippet:-1, max-image-preview:large, max-video-preview:-1\" \/>\n<link rel=\"canonical\" href=\"https:\/\/campingdessommetsbromont.com\/en\/privacy-policy\/\" \/>\n<meta property=\"og:locale\" content=\"en_US\" \/>\n<meta property=\"og:type\" content=\"article\" \/>\n<meta property=\"og:title\" content=\"Privacy policy - Camping des Sommets Bromont\" \/>\n<meta property=\"og:description\" content=\"Terrains de camping pour voyageurs, saisonniers et cabines pr\u00eat-\u00e0-camper. Situ\u00e9 \u00e0 Bromont, l&#039;ndroit id\u00e9al pour profiter des activit\u00e9s ax\u00e9es sur le plein air.\" \/>\n<meta property=\"og:url\" content=\"https:\/\/campingdessommetsbromont.com\/en\/privacy-policy\/\" \/>\n<meta property=\"og:site_name\" content=\"Camping des Sommets Bromont\" \/>\n<meta property=\"article:publisher\" content=\"https:\/\/www.facebook.com\/CampingSommetsBromont\" \/>\n<meta property=\"article:modified_time\" content=\"2023-11-08T20:03:59+00:00\" \/>\n<meta property=\"og:image\" content=\"https:\/\/campingdessommetsbromont.com\/wp-content\/uploads\/og-facebook-1200.jpg\" \/>\n\t<meta property=\"og:image:width\" content=\"1200\" \/>\n\t<meta property=\"og:image:height\" content=\"630\" \/>\n\t<meta property=\"og:image:type\" content=\"image\/jpeg\" \/>\n<meta name=\"twitter:card\" content=\"summary_large_image\" \/>\n<script type=\"application\/ld+json\" class=\"yoast-schema-graph\">{\"@context\":\"https:\\\/\\\/schema.org\",\"@graph\":[{\"@type\":\"WebPage\",\"@id\":\"https:\\\/\\\/campingdessommetsbromont.com\\\/en\\\/privacy-policy\\\/\",\"url\":\"https:\\\/\\\/campingdessommetsbromont.com\\\/en\\\/privacy-policy\\\/\",\"name\":\"Privacy policy - Camping des Sommets Bromont\",\"isPartOf\":{\"@id\":\"https:\\\/\\\/campingdessommetsbromont.com\\\/en\\\/#website\"},\"datePublished\":\"2023-11-08T18:07:03+00:00\",\"dateModified\":\"2023-11-08T20:03:59+00:00\",\"description\":\"Terrains de camping pour voyageurs, saisonniers et cabines pr\u00eat-\u00e0-camper. Situ\u00e9 \u00e0 Bromont, l'ndroit id\u00e9al pour profiter des activit\u00e9s ax\u00e9es sur le plein air.\",\"breadcrumb\":{\"@id\":\"https:\\\/\\\/campingdessommetsbromont.com\\\/en\\\/privacy-policy\\\/#breadcrumb\"},\"inLanguage\":\"en-CA\",\"potentialAction\":[{\"@type\":\"ReadAction\",\"target\":[\"https:\\\/\\\/campingdessommetsbromont.com\\\/en\\\/privacy-policy\\\/\"]}]},{\"@type\":\"BreadcrumbList\",\"@id\":\"https:\\\/\\\/campingdessommetsbromont.com\\\/en\\\/privacy-policy\\\/#breadcrumb\",\"itemListElement\":[{\"@type\":\"ListItem\",\"position\":1,\"name\":\"Accueil\",\"item\":\"https:\\\/\\\/campingdessommetsbromont.com\\\/en\\\/home\\\/\"},{\"@type\":\"ListItem\",\"position\":2,\"name\":\"Privacy policy\"}]},{\"@type\":\"WebSite\",\"@id\":\"https:\\\/\\\/campingdessommetsbromont.com\\\/en\\\/#website\",\"url\":\"https:\\\/\\\/campingdessommetsbromont.com\\\/en\\\/\",\"name\":\"Camping des Sommets Bromont\",\"description\":\"Camping situ\u00e9 \u00e0 Bromont dans les Cantons-de-l&#039;Est\",\"publisher\":{\"@id\":\"https:\\\/\\\/campingdessommetsbromont.com\\\/en\\\/#organization\"},\"potentialAction\":[{\"@type\":\"SearchAction\",\"target\":{\"@type\":\"EntryPoint\",\"urlTemplate\":\"https:\\\/\\\/campingdessommetsbromont.com\\\/en\\\/?s={search_term_string}\"},\"query-input\":{\"@type\":\"PropertyValueSpecification\",\"valueRequired\":true,\"valueName\":\"search_term_string\"}}],\"inLanguage\":\"en-CA\"},{\"@type\":\"Organization\",\"@id\":\"https:\\\/\\\/campingdessommetsbromont.com\\\/en\\\/#organization\",\"name\":\"Camping des Sommets Bromont\",\"url\":\"https:\\\/\\\/campingdessommetsbromont.com\\\/en\\\/\",\"logo\":{\"@type\":\"ImageObject\",\"inLanguage\":\"en-CA\",\"@id\":\"https:\\\/\\\/campingdessommetsbromont.com\\\/en\\\/#\\\/schema\\\/logo\\\/image\\\/\",\"url\":\"https:\\\/\\\/campingdessommetsbromont.com\\\/wp-content\\\/uploads\\\/Logo_CampingDesSommets_rect.svg\",\"contentUrl\":\"https:\\\/\\\/campingdessommetsbromont.com\\\/wp-content\\\/uploads\\\/Logo_CampingDesSommets_rect.svg\",\"width\":351,\"height\":136,\"caption\":\"Camping des Sommets Bromont\"},\"image\":{\"@id\":\"https:\\\/\\\/campingdessommetsbromont.com\\\/en\\\/#\\\/schema\\\/logo\\\/image\\\/\"},\"sameAs\":[\"https:\\\/\\\/www.facebook.com\\\/CampingSommetsBromont\"]}]}<\/script>\n<!-- \/ Yoast SEO plugin. -->","yoast_head_json":{"title":"Privacy policy - Camping des Sommets Bromont","description":"Terrains de camping pour voyageurs, saisonniers et cabines pr\u00eat-\u00e0-camper. Situ\u00e9 \u00e0 Bromont, l'ndroit id\u00e9al pour profiter des activit\u00e9s ax\u00e9es sur le plein air.","robots":{"index":"index","follow":"follow","max-snippet":"max-snippet:-1","max-image-preview":"max-image-preview:large","max-video-preview":"max-video-preview:-1"},"canonical":"https:\/\/campingdessommetsbromont.com\/en\/privacy-policy\/","og_locale":"en_US","og_type":"article","og_title":"Privacy policy - Camping des Sommets Bromont","og_description":"Terrains de camping pour voyageurs, saisonniers et cabines pr\u00eat-\u00e0-camper. Situ\u00e9 \u00e0 Bromont, l'ndroit id\u00e9al pour profiter des activit\u00e9s ax\u00e9es sur le plein air.","og_url":"https:\/\/campingdessommetsbromont.com\/en\/privacy-policy\/","og_site_name":"Camping des Sommets Bromont","article_publisher":"https:\/\/www.facebook.com\/CampingSommetsBromont","article_modified_time":"2023-11-08T20:03:59+00:00","og_image":[{"width":1200,"height":630,"url":"https:\/\/campingdessommetsbromont.com\/wp-content\/uploads\/og-facebook-1200.jpg","type":"image\/jpeg"}],"twitter_card":"summary_large_image","schema":{"@context":"https:\/\/schema.org","@graph":[{"@type":"WebPage","@id":"https:\/\/campingdessommetsbromont.com\/en\/privacy-policy\/","url":"https:\/\/campingdessommetsbromont.com\/en\/privacy-policy\/","name":"Privacy policy - Camping des Sommets Bromont","isPartOf":{"@id":"https:\/\/campingdessommetsbromont.com\/en\/#website"},"datePublished":"2023-11-08T18:07:03+00:00","dateModified":"2023-11-08T20:03:59+00:00","description":"Terrains de camping pour voyageurs, saisonniers et cabines pr\u00eat-\u00e0-camper. Situ\u00e9 \u00e0 Bromont, l'ndroit id\u00e9al pour profiter des activit\u00e9s ax\u00e9es sur le plein air.","breadcrumb":{"@id":"https:\/\/campingdessommetsbromont.com\/en\/privacy-policy\/#breadcrumb"},"inLanguage":"en-CA","potentialAction":[{"@type":"ReadAction","target":["https:\/\/campingdessommetsbromont.com\/en\/privacy-policy\/"]}]},{"@type":"BreadcrumbList","@id":"https:\/\/campingdessommetsbromont.com\/en\/privacy-policy\/#breadcrumb","itemListElement":[{"@type":"ListItem","position":1,"name":"Accueil","item":"https:\/\/campingdessommetsbromont.com\/en\/home\/"},{"@type":"ListItem","position":2,"name":"Privacy policy"}]},{"@type":"WebSite","@id":"https:\/\/campingdessommetsbromont.com\/en\/#website","url":"https:\/\/campingdessommetsbromont.com\/en\/","name":"Camping des Sommets Bromont","description":"Camping situ\u00e9 \u00e0 Bromont dans les Cantons-de-l&#039;Est","publisher":{"@id":"https:\/\/campingdessommetsbromont.com\/en\/#organization"},"potentialAction":[{"@type":"SearchAction","target":{"@type":"EntryPoint","urlTemplate":"https:\/\/campingdessommetsbromont.com\/en\/?s={search_term_string}"},"query-input":{"@type":"PropertyValueSpecification","valueRequired":true,"valueName":"search_term_string"}}],"inLanguage":"en-CA"},{"@type":"Organization","@id":"https:\/\/campingdessommetsbromont.com\/en\/#organization","name":"Camping des Sommets Bromont","url":"https:\/\/campingdessommetsbromont.com\/en\/","logo":{"@type":"ImageObject","inLanguage":"en-CA","@id":"https:\/\/campingdessommetsbromont.com\/en\/#\/schema\/logo\/image\/","url":"https:\/\/campingdessommetsbromont.com\/wp-content\/uploads\/Logo_CampingDesSommets_rect.svg","contentUrl":"https:\/\/campingdessommetsbromont.com\/wp-content\/uploads\/Logo_CampingDesSommets_rect.svg","width":351,"height":136,"caption":"Camping des Sommets Bromont"},"image":{"@id":"https:\/\/campingdessommetsbromont.com\/en\/#\/schema\/logo\/image\/"},"sameAs":["https:\/\/www.facebook.com\/CampingSommetsBromont"]}]}},"_links":{"self":[{"href":"https:\/\/campingdessommetsbromont.com\/en\/wp-json\/wp\/v2\/pages\/3055","targetHints":{"allow":["GET"]}}],"collection":[{"href":"https:\/\/campingdessommetsbromont.com\/en\/wp-json\/wp\/v2\/pages"}],"about":[{"href":"https:\/\/campingdessommetsbromont.com\/en\/wp-json\/wp\/v2\/types\/page"}],"author":[{"embeddable":true,"href":"https:\/\/campingdessommetsbromont.com\/en\/wp-json\/wp\/v2\/users\/1"}],"replies":[{"embeddable":true,"href":"https:\/\/campingdessommetsbromont.com\/en\/wp-json\/wp\/v2\/comments?post=3055"}],"version-history":[{"count":0,"href":"https:\/\/campingdessommetsbromont.com\/en\/wp-json\/wp\/v2\/pages\/3055\/revisions"}],"wp:attachment":[{"href":"https:\/\/campingdessommetsbromont.com\/en\/wp-json\/wp\/v2\/media?parent=3055"}],"curies":[{"name":"wp","href":"https:\/\/api.w.org\/{rel}","templated":true}]}}